{"id":141,"date":"2020-09-18T13:24:20","date_gmt":"2020-09-18T11:24:20","guid":{"rendered":"https:\/\/piqoli.com\/?page_id=141"},"modified":"2020-11-16T15:39:25","modified_gmt":"2020-11-16T14:39:25","slug":"mentions-legales","status":"publish","type":"page","link":"https:\/\/piqoli.com\/en\/mentions-legales\/","title":{"rendered":"Privacy policy"},"content":{"rendered":"<h3 class=\"wp-block-heading\"><strong>Legal information<\/strong><\/h3>\n\n\n\n<p>The website <a href=\"https:\/\/piqoli.com\/en\/\">https:\/\/piqoli.com\/<\/a> is edited by :<\/p>\n\n\n\n<ul class=\"wp-block-list\"><li>Olivier Picquart<\/li><li>Headquarters: Le bourg 24290 Saint L\u00e9on sur V\u00e9z\u00e8re<\/li><li>Phone : +33 6 16 16 25 25<\/li><li>Email : piqoli@gmail.com<\/li><\/ul>\n\n\n\n<h3 class=\"wp-block-heading\"><strong>Publication<\/strong><\/h3>\n\n\n\n<p>The director of the publication of the website <a href=\"https:\/\/piqoli.com\/en\/\">https:\/\/piqoli.com\/<\/a>&nbsp;is Olivier Picquart<\/p>\n\n\n\n<h3 class=\"wp-block-heading\"><strong>Hosting<\/strong><\/h3>\n\n\n\n<p>Website hosted by <a rel=\"noreferrer noopener\" href=\"https:\/\/www.o2switch.fr\/\" target=\"_blank\">o2switch<\/a> <br>RCS Clermont Ferrand<br>Siret : 510 909 807 00024<\/p>\n\n\n\n<h3 class=\"wp-block-heading\"><strong>Site creation<\/strong><\/h3>\n\n\n\n<p>Site created with WordPress by Damien Boutonnet - <a rel=\"noreferrer noopener\" href=\"http:\/\/31-place-web.net\/\" target=\"_blank\">31 place web<\/a><\/p>\n\n\n\n<h3 class=\"wp-block-heading\"><strong>Personal data<\/strong><\/h3>\n\n\n\n<p>The personal data contained and collected on this site are processed and saved by Olivier Picquart, data controller, for the following purposes:<\/p>\n\n\n\n<ul class=\"wp-block-list\"><li>Accounting and management of customer files<\/li><li>Internal statistics<\/li><\/ul>\n\n\n\n<p>None of the personal information is communicated or transferred to third parties.<\/p>\n\n\n\n<h3 class=\"wp-block-heading\">Right of access and rectification<\/h3>\n\n\n\n<p>In accordance with the Data Protection Act of January 6, 1978 amended by the law of August 7, 2004, everyone has the right to access, modify, rectify and delete data concerning them and the right to opposition to the further use of these data. This right will be exercised by any written means.<\/p>\n\n\n\n<h3 class=\"wp-block-heading\">Hypertext links<\/h3>\n\n\n\n<p>The creation of hypertext links to the site <a href=\"https:\/\/piqoli.com\/en\/\">https:\/\/piqoli.com\/<\/a> is subject to the prior approval of the Director of Publication.<\/p>","protected":false},"excerpt":{"rendered":"<p>In accordance with the provisions of Article 6 of Law No. 2004-575 of June 21, 2004 on confidence in the digital economy, we inform you that:<\/p>","protected":false},"author":2,"featured_media":0,"parent":0,"menu_order":70,"comment_status":"closed","ping_status":"closed","template":"","meta":{"footnotes":""},"class_list":["post-141","page","type-page","status-publish","has-post-thumbnail","hentry"],"yoast_head":"<!-- This site is optimized with the Yoast SEO plugin v26.7 - https:\/\/yoast.com\/wordpress\/plugins\/seo\/ -->\n<title>Mentions l\u00e9gales &#8902; Piqoli<\/title>\n<meta name=\"description\" content=\"Olivier Picquart, artisan-cr\u00e9ateur confectionne des sculptures et bijoux en ivoire de mammouth et reproduit des V\u00e9nus et parures de la Pr\u00e9histoire.\" \/>\n<meta name=\"robots\" content=\"index, follow, max-snippet:-1, max-image-preview:large, max-video-preview:-1\" \/>\n<link rel=\"canonical\" href=\"https:\/\/piqoli.com\/en\/mentions-legales\/\" \/>\n<meta property=\"og:locale\" content=\"en_GB\" \/>\n<meta property=\"og:type\" content=\"article\" \/>\n<meta property=\"og:title\" content=\"Mentions l\u00e9gales &#8902; Piqoli\" \/>\n<meta property=\"og:description\" content=\"Olivier Picquart, artisan-cr\u00e9ateur confectionne des sculptures et bijoux en ivoire de mammouth et reproduit des V\u00e9nus et parures de la Pr\u00e9histoire.\" \/>\n<meta property=\"og:url\" content=\"https:\/\/piqoli.com\/en\/mentions-legales\/\" \/>\n<meta property=\"og:site_name\" content=\"Piqoli\" \/>\n<meta property=\"article:publisher\" content=\"https:\/\/www.facebook.com\/piqoli\/\" \/>\n<meta property=\"article:modified_time\" content=\"2020-11-16T14:39:25+00:00\" \/>\n<meta name=\"twitter:card\" content=\"summary_large_image\" \/>\n<meta name=\"twitter:label1\" content=\"Estimated reading time\" \/>\n\t<meta name=\"twitter:data1\" content=\"1 minute\" \/>\n<script type=\"application\/ld+json\" class=\"yoast-schema-graph\">{\"@context\":\"https:\/\/schema.org\",\"@graph\":[{\"@type\":\"WebPage\",\"@id\":\"https:\/\/piqoli.com\/mentions-legales\/\",\"url\":\"https:\/\/piqoli.com\/mentions-legales\/\",\"name\":\"Mentions l\u00e9gales &#8902; Piqoli\",\"isPartOf\":{\"@id\":\"https:\/\/piqoli.com\/#website\"},\"datePublished\":\"2020-09-18T11:24:20+00:00\",\"dateModified\":\"2020-11-16T14:39:25+00:00\",\"description\":\"Olivier Picquart, artisan-cr\u00e9ateur confectionne des sculptures et bijoux en ivoire de mammouth et reproduit des V\u00e9nus et parures de la Pr\u00e9histoire.\",\"breadcrumb\":{\"@id\":\"https:\/\/piqoli.com\/mentions-legales\/#breadcrumb\"},\"inLanguage\":\"en-GB\",\"potentialAction\":[{\"@type\":\"ReadAction\",\"target\":[\"https:\/\/piqoli.com\/mentions-legales\/\"]}]},{\"@type\":\"BreadcrumbList\",\"@id\":\"https:\/\/piqoli.com\/mentions-legales\/#breadcrumb\",\"itemListElement\":[{\"@type\":\"ListItem\",\"position\":1,\"name\":\"Accueil\",\"item\":\"https:\/\/piqoli.com\/\"},{\"@type\":\"ListItem\",\"position\":2,\"name\":\"Mentions l\u00e9gales\"}]},{\"@type\":\"WebSite\",\"@id\":\"https:\/\/piqoli.com\/#website\",\"url\":\"https:\/\/piqoli.com\/\",\"name\":\"Piqoli\",\"description\":\"Bijoux et sculptures en ivoire de mammouth\",\"publisher\":{\"@id\":\"https:\/\/piqoli.com\/#organization\"},\"potentialAction\":[{\"@type\":\"SearchAction\",\"target\":{\"@type\":\"EntryPoint\",\"urlTemplate\":\"https:\/\/piqoli.com\/?s={search_term_string}\"},\"query-input\":{\"@type\":\"PropertyValueSpecification\",\"valueRequired\":true,\"valueName\":\"search_term_string\"}}],\"inLanguage\":\"en-GB\"},{\"@type\":\"Organization\",\"@id\":\"https:\/\/piqoli.com\/#organization\",\"name\":\"Piqoli\",\"url\":\"https:\/\/piqoli.com\/\",\"logo\":{\"@type\":\"ImageObject\",\"inLanguage\":\"en-GB\",\"@id\":\"https:\/\/piqoli.com\/#\/schema\/logo\/image\/\",\"url\":\"https:\/\/i1.wp.com\/piqoli.com\/wp-content\/uploads\/2020\/09\/piqoli-logo-noir.png?fit=500%2C710&ssl=1\",\"contentUrl\":\"https:\/\/i1.wp.com\/piqoli.com\/wp-content\/uploads\/2020\/09\/piqoli-logo-noir.png?fit=500%2C710&ssl=1\",\"width\":500,\"height\":710,\"caption\":\"Piqoli\"},\"image\":{\"@id\":\"https:\/\/piqoli.com\/#\/schema\/logo\/image\/\"},\"sameAs\":[\"https:\/\/www.facebook.com\/piqoli\/\",\"https:\/\/www.instagram.com\/piqoli\/?hl=fr\"]}]}<\/script>\n<!-- \/ Yoast SEO plugin. -->","yoast_head_json":{"title":"Mentions l\u00e9gales &#8902; Piqoli","description":"Olivier Picquart, artisan-cr\u00e9ateur confectionne des sculptures et bijoux en ivoire de mammouth et reproduit des V\u00e9nus et parures de la Pr\u00e9histoire.","robots":{"index":"index","follow":"follow","max-snippet":"max-snippet:-1","max-image-preview":"max-image-preview:large","max-video-preview":"max-video-preview:-1"},"canonical":"https:\/\/piqoli.com\/en\/mentions-legales\/","og_locale":"en_GB","og_type":"article","og_title":"Mentions l\u00e9gales &#8902; Piqoli","og_description":"Olivier Picquart, artisan-cr\u00e9ateur confectionne des sculptures et bijoux en ivoire de mammouth et reproduit des V\u00e9nus et parures de la Pr\u00e9histoire.","og_url":"https:\/\/piqoli.com\/en\/mentions-legales\/","og_site_name":"Piqoli","article_publisher":"https:\/\/www.facebook.com\/piqoli\/","article_modified_time":"2020-11-16T14:39:25+00:00","twitter_card":"summary_large_image","twitter_misc":{"Estimated reading time":"1 minute"},"schema":{"@context":"https:\/\/schema.org","@graph":[{"@type":"WebPage","@id":"https:\/\/piqoli.com\/mentions-legales\/","url":"https:\/\/piqoli.com\/mentions-legales\/","name":"Mentions l\u00e9gales &#8902; Piqoli","isPartOf":{"@id":"https:\/\/piqoli.com\/#website"},"datePublished":"2020-09-18T11:24:20+00:00","dateModified":"2020-11-16T14:39:25+00:00","description":"Olivier Picquart, artisan-cr\u00e9ateur confectionne des sculptures et bijoux en ivoire de mammouth et reproduit des V\u00e9nus et parures de la Pr\u00e9histoire.","breadcrumb":{"@id":"https:\/\/piqoli.com\/mentions-legales\/#breadcrumb"},"inLanguage":"en-GB","potentialAction":[{"@type":"ReadAction","target":["https:\/\/piqoli.com\/mentions-legales\/"]}]},{"@type":"BreadcrumbList","@id":"https:\/\/piqoli.com\/mentions-legales\/#breadcrumb","itemListElement":[{"@type":"ListItem","position":1,"name":"Accueil","item":"https:\/\/piqoli.com\/"},{"@type":"ListItem","position":2,"name":"Mentions l\u00e9gales"}]},{"@type":"WebSite","@id":"https:\/\/piqoli.com\/#website","url":"https:\/\/piqoli.com\/","name":"Piqoli","description":"Wooly mammoth ivory jewelry and sculptures","publisher":{"@id":"https:\/\/piqoli.com\/#organization"},"potentialAction":[{"@type":"SearchAction","target":{"@type":"EntryPoint","urlTemplate":"https:\/\/piqoli.com\/?s={search_term_string}"},"query-input":{"@type":"PropertyValueSpecification","valueRequired":true,"valueName":"search_term_string"}}],"inLanguage":"en-GB"},{"@type":"Organization","@id":"https:\/\/piqoli.com\/#organization","name":"Piqoli","url":"https:\/\/piqoli.com\/","logo":{"@type":"ImageObject","inLanguage":"en-GB","@id":"https:\/\/piqoli.com\/#\/schema\/logo\/image\/","url":"https:\/\/i1.wp.com\/piqoli.com\/wp-content\/uploads\/2020\/09\/piqoli-logo-noir.png?fit=500%2C710&ssl=1","contentUrl":"https:\/\/i1.wp.com\/piqoli.com\/wp-content\/uploads\/2020\/09\/piqoli-logo-noir.png?fit=500%2C710&ssl=1","width":500,"height":710,"caption":"Piqoli"},"image":{"@id":"https:\/\/piqoli.com\/#\/schema\/logo\/image\/"},"sameAs":["https:\/\/www.facebook.com\/piqoli\/","https:\/\/www.instagram.com\/piqoli\/?hl=fr"]}]}},"_links":{"self":[{"href":"https:\/\/piqoli.com\/en\/wp-json\/wp\/v2\/pages\/141","targetHints":{"allow":["GET"]}}],"collection":[{"href":"https:\/\/piqoli.com\/en\/wp-json\/wp\/v2\/pages"}],"about":[{"href":"https:\/\/piqoli.com\/en\/wp-json\/wp\/v2\/types\/page"}],"author":[{"embeddable":true,"href":"https:\/\/piqoli.com\/en\/wp-json\/wp\/v2\/users\/2"}],"replies":[{"embeddable":true,"href":"https:\/\/piqoli.com\/en\/wp-json\/wp\/v2\/comments?post=141"}],"version-history":[{"count":0,"href":"https:\/\/piqoli.com\/en\/wp-json\/wp\/v2\/pages\/141\/revisions"}],"wp:attachment":[{"href":"https:\/\/piqoli.com\/en\/wp-json\/wp\/v2\/media?parent=141"}],"curies":[{"name":"wp","href":"https:\/\/api.w.org\/{rel}","templated":true}]}}