{"id":9,"date":"2020-09-09T23:33:56","date_gmt":"2020-09-09T21:33:56","guid":{"rendered":"https:\/\/piqoli.com\/mon-compte\/"},"modified":"2020-11-16T15:39:33","modified_gmt":"2020-11-16T14:39:33","slug":"mon-compte","status":"publish","type":"page","link":"https:\/\/piqoli.com\/en\/mon-compte\/","title":{"rendered":"My account"},"content":{"rendered":"<div class=\"woocommerce\"><\/div>","protected":false},"excerpt":{"rendered":"","protected":false},"author":2,"featured_media":0,"parent":0,"menu_order":75,"comment_status":"closed","ping_status":"closed","template":"","meta":{"footnotes":""},"class_list":["post-9","page","type-page","status-publish","has-post-thumbnail","hentry"],"yoast_head":"<!-- This site is optimized with the Yoast SEO plugin v26.7 - https:\/\/yoast.com\/wordpress\/plugins\/seo\/ -->\n<title>Mon compte &#8902; Piqoli<\/title>\n<meta name=\"description\" content=\"Olivier Picquart, artisan-cr\u00e9ateur confectionne des sculptures et bijoux en ivoire de mammouth et reproduit des V\u00e9nus et parures de la Pr\u00e9histoire.\" \/>\n<meta name=\"robots\" content=\"index, follow, max-snippet:-1, max-image-preview:large, max-video-preview:-1\" \/>\n<link rel=\"canonical\" href=\"https:\/\/piqoli.com\/en\/mon-compte\/\" \/>\n<meta property=\"og:locale\" content=\"en_GB\" \/>\n<meta property=\"og:type\" content=\"article\" \/>\n<meta property=\"og:title\" content=\"Mon compte &#8902; Piqoli\" \/>\n<meta property=\"og:description\" content=\"Olivier Picquart, artisan-cr\u00e9ateur confectionne des sculptures et bijoux en ivoire de mammouth et reproduit des V\u00e9nus et parures de la Pr\u00e9histoire.\" \/>\n<meta property=\"og:url\" content=\"https:\/\/piqoli.com\/en\/mon-compte\/\" \/>\n<meta property=\"og:site_name\" content=\"Piqoli\" \/>\n<meta property=\"article:publisher\" content=\"https:\/\/www.facebook.com\/piqoli\/\" \/>\n<meta property=\"article:modified_time\" content=\"2020-11-16T14:39:33+00:00\" \/>\n<meta name=\"twitter:card\" content=\"summary_large_image\" \/>\n<script type=\"application\/ld+json\" class=\"yoast-schema-graph\">{\"@context\":\"https:\/\/schema.org\",\"@graph\":[{\"@type\":\"WebPage\",\"@id\":\"https:\/\/piqoli.com\/mon-compte\/\",\"url\":\"https:\/\/piqoli.com\/mon-compte\/\",\"name\":\"Mon compte &#8902; Piqoli\",\"isPartOf\":{\"@id\":\"https:\/\/piqoli.com\/#website\"},\"datePublished\":\"2020-09-09T21:33:56+00:00\",\"dateModified\":\"2020-11-16T14:39:33+00:00\",\"description\":\"Olivier Picquart, artisan-cr\u00e9ateur confectionne des sculptures et bijoux en ivoire de mammouth et reproduit des V\u00e9nus et parures de la Pr\u00e9histoire.\",\"breadcrumb\":{\"@id\":\"https:\/\/piqoli.com\/mon-compte\/#breadcrumb\"},\"inLanguage\":\"en-GB\",\"potentialAction\":[{\"@type\":\"ReadAction\",\"target\":[\"https:\/\/piqoli.com\/mon-compte\/\"]}]},{\"@type\":\"BreadcrumbList\",\"@id\":\"https:\/\/piqoli.com\/mon-compte\/#breadcrumb\",\"itemListElement\":[{\"@type\":\"ListItem\",\"position\":1,\"name\":\"Accueil\",\"item\":\"https:\/\/piqoli.com\/\"},{\"@type\":\"ListItem\",\"position\":2,\"name\":\"Mon compte\"}]},{\"@type\":\"WebSite\",\"@id\":\"https:\/\/piqoli.com\/#website\",\"url\":\"https:\/\/piqoli.com\/\",\"name\":\"Piqoli\",\"description\":\"Bijoux et sculptures en ivoire de mammouth\",\"publisher\":{\"@id\":\"https:\/\/piqoli.com\/#organization\"},\"potentialAction\":[{\"@type\":\"SearchAction\",\"target\":{\"@type\":\"EntryPoint\",\"urlTemplate\":\"https:\/\/piqoli.com\/?s={search_term_string}\"},\"query-input\":{\"@type\":\"PropertyValueSpecification\",\"valueRequired\":true,\"valueName\":\"search_term_string\"}}],\"inLanguage\":\"en-GB\"},{\"@type\":\"Organization\",\"@id\":\"https:\/\/piqoli.com\/#organization\",\"name\":\"Piqoli\",\"url\":\"https:\/\/piqoli.com\/\",\"logo\":{\"@type\":\"ImageObject\",\"inLanguage\":\"en-GB\",\"@id\":\"https:\/\/piqoli.com\/#\/schema\/logo\/image\/\",\"url\":\"https:\/\/i1.wp.com\/piqoli.com\/wp-content\/uploads\/2020\/09\/piqoli-logo-noir.png?fit=500%2C710&ssl=1\",\"contentUrl\":\"https:\/\/i1.wp.com\/piqoli.com\/wp-content\/uploads\/2020\/09\/piqoli-logo-noir.png?fit=500%2C710&ssl=1\",\"width\":500,\"height\":710,\"caption\":\"Piqoli\"},\"image\":{\"@id\":\"https:\/\/piqoli.com\/#\/schema\/logo\/image\/\"},\"sameAs\":[\"https:\/\/www.facebook.com\/piqoli\/\",\"https:\/\/www.instagram.com\/piqoli\/?hl=fr\"]}]}<\/script>\n<!-- \/ Yoast SEO plugin. -->","yoast_head_json":{"title":"Mon compte &#8902; Piqoli","description":"Olivier Picquart, artisan-cr\u00e9ateur confectionne des sculptures et bijoux en ivoire de mammouth et reproduit des V\u00e9nus et parures de la Pr\u00e9histoire.","robots":{"index":"index","follow":"follow","max-snippet":"max-snippet:-1","max-image-preview":"max-image-preview:large","max-video-preview":"max-video-preview:-1"},"canonical":"https:\/\/piqoli.com\/en\/mon-compte\/","og_locale":"en_GB","og_type":"article","og_title":"Mon compte &#8902; Piqoli","og_description":"Olivier Picquart, artisan-cr\u00e9ateur confectionne des sculptures et bijoux en ivoire de mammouth et reproduit des V\u00e9nus et parures de la Pr\u00e9histoire.","og_url":"https:\/\/piqoli.com\/en\/mon-compte\/","og_site_name":"Piqoli","article_publisher":"https:\/\/www.facebook.com\/piqoli\/","article_modified_time":"2020-11-16T14:39:33+00:00","twitter_card":"summary_large_image","schema":{"@context":"https:\/\/schema.org","@graph":[{"@type":"WebPage","@id":"https:\/\/piqoli.com\/mon-compte\/","url":"https:\/\/piqoli.com\/mon-compte\/","name":"Mon compte &#8902; Piqoli","isPartOf":{"@id":"https:\/\/piqoli.com\/#website"},"datePublished":"2020-09-09T21:33:56+00:00","dateModified":"2020-11-16T14:39:33+00:00","description":"Olivier Picquart, artisan-cr\u00e9ateur confectionne des sculptures et bijoux en ivoire de mammouth et reproduit des V\u00e9nus et parures de la Pr\u00e9histoire.","breadcrumb":{"@id":"https:\/\/piqoli.com\/mon-compte\/#breadcrumb"},"inLanguage":"en-GB","potentialAction":[{"@type":"ReadAction","target":["https:\/\/piqoli.com\/mon-compte\/"]}]},{"@type":"BreadcrumbList","@id":"https:\/\/piqoli.com\/mon-compte\/#breadcrumb","itemListElement":[{"@type":"ListItem","position":1,"name":"Accueil","item":"https:\/\/piqoli.com\/"},{"@type":"ListItem","position":2,"name":"Mon compte"}]},{"@type":"WebSite","@id":"https:\/\/piqoli.com\/#website","url":"https:\/\/piqoli.com\/","name":"Piqoli","description":"Wooly mammoth ivory jewelry and sculptures","publisher":{"@id":"https:\/\/piqoli.com\/#organization"},"potentialAction":[{"@type":"SearchAction","target":{"@type":"EntryPoint","urlTemplate":"https:\/\/piqoli.com\/?s={search_term_string}"},"query-input":{"@type":"PropertyValueSpecification","valueRequired":true,"valueName":"search_term_string"}}],"inLanguage":"en-GB"},{"@type":"Organization","@id":"https:\/\/piqoli.com\/#organization","name":"Piqoli","url":"https:\/\/piqoli.com\/","logo":{"@type":"ImageObject","inLanguage":"en-GB","@id":"https:\/\/piqoli.com\/#\/schema\/logo\/image\/","url":"https:\/\/i1.wp.com\/piqoli.com\/wp-content\/uploads\/2020\/09\/piqoli-logo-noir.png?fit=500%2C710&ssl=1","contentUrl":"https:\/\/i1.wp.com\/piqoli.com\/wp-content\/uploads\/2020\/09\/piqoli-logo-noir.png?fit=500%2C710&ssl=1","width":500,"height":710,"caption":"Piqoli"},"image":{"@id":"https:\/\/piqoli.com\/#\/schema\/logo\/image\/"},"sameAs":["https:\/\/www.facebook.com\/piqoli\/","https:\/\/www.instagram.com\/piqoli\/?hl=fr"]}]}},"_links":{"self":[{"href":"https:\/\/piqoli.com\/en\/wp-json\/wp\/v2\/pages\/9","targetHints":{"allow":["GET"]}}],"collection":[{"href":"https:\/\/piqoli.com\/en\/wp-json\/wp\/v2\/pages"}],"about":[{"href":"https:\/\/piqoli.com\/en\/wp-json\/wp\/v2\/types\/page"}],"author":[{"embeddable":true,"href":"https:\/\/piqoli.com\/en\/wp-json\/wp\/v2\/users\/2"}],"replies":[{"embeddable":true,"href":"https:\/\/piqoli.com\/en\/wp-json\/wp\/v2\/comments?post=9"}],"version-history":[{"count":0,"href":"https:\/\/piqoli.com\/en\/wp-json\/wp\/v2\/pages\/9\/revisions"}],"wp:attachment":[{"href":"https:\/\/piqoli.com\/en\/wp-json\/wp\/v2\/media?parent=9"}],"curies":[{"name":"wp","href":"https:\/\/api.w.org\/{rel}","templated":true}]}}