{"id":1136,"date":"2025-11-23T12:49:20","date_gmt":"2025-11-23T11:49:20","guid":{"rendered":"https:\/\/piqoli.com\/?post_type=product&#038;p=1136"},"modified":"2025-11-24T18:15:55","modified_gmt":"2025-11-24T17:15:55","slug":"perle-panier-5","status":"publish","type":"product","link":"https:\/\/piqoli.com\/en\/product\/perle-panier-5\/","title":{"rendered":"Perle panier"},"content":{"rendered":"<p>This piece, created by <a href=\"https:\/\/piqoli.com\/en\/?page_id=30\">Olivier Picquart<\/a> is unique.<\/p>\n<p><em>Tax included. Shipping and insurance charges are calculated automatically at the time of ordering based on the delivery address and the amount of the basket.<\/em><\/p>","protected":false},"excerpt":{"rendered":"<p>Reproduction en ivoire de mammouth de Sib\u00e9rie de perles d\u00eetes \u00ab\u00a0panier\u00a0\u00bb\u00a0 fabriqu\u00e9es aussi en ivoire de mammouth sur le site de Castel-Merle en Dordogne il y a 37.000 ans. Le site est \u00e0 2 km de mon atelier !<\/p>\n<p>Sur cha\u00eene en argent 925\/1000 ou cordon de coton cir\u00e9 de 2 mm de diam\u00e8tre.<\/p>\n<p>Dimensions : 25 x 19 x 15 mm.<\/p>\n<p><em>Un bijou issu de la pr\u00e9histoire tr\u00e8s facile \u00e0 porter !<\/em><\/p>","protected":false},"featured_media":6265,"template":"","meta":[],"product_brand":[],"product_cat":[34,35],"product_tag":[],"class_list":{"0":"post-1136","1":"product","2":"type-product","3":"status-publish","4":"has-post-thumbnail","6":"product_cat-collier","7":"product_cat-prehistoire","9":"first","10":"instock","11":"sold-individually","12":"shipping-taxable","13":"purchasable","14":"product-type-variable","15":"has-default-attributes"},"yoast_head":"<!-- This site is optimized with the Yoast SEO plugin v26.7 - https:\/\/yoast.com\/wordpress\/plugins\/seo\/ -->\n<title>Perle panier &#8902; Reproduction pr\u00e9historique&#8902; Piqoli<\/title>\n<meta name=\"description\" content=\"Reproduction de perles d\u00eetes &quot;panier&quot;\u00a0 fabriqu\u00e9es en ivoire de mammouth sur le site de Castel-Merle en Dordogne il y a 37.000 ans.\" \/>\n<meta name=\"robots\" content=\"index, follow, max-snippet:-1, max-image-preview:large, max-video-preview:-1\" \/>\n<link rel=\"canonical\" href=\"https:\/\/piqoli.com\/en\/product\/perle-panier-5\/\" \/>\n<meta property=\"og:locale\" content=\"en_GB\" \/>\n<meta property=\"og:type\" content=\"article\" \/>\n<meta property=\"og:title\" content=\"Perle panier &#8902; Reproduction pr\u00e9historique&#8902; Piqoli\" \/>\n<meta property=\"og:description\" content=\"Reproduction de perles d\u00eetes &quot;panier&quot;\u00a0 fabriqu\u00e9es en ivoire de mammouth sur le site de Castel-Merle en Dordogne il y a 37.000 ans.\" \/>\n<meta property=\"og:url\" content=\"https:\/\/piqoli.com\/en\/product\/perle-panier-5\/\" \/>\n<meta property=\"og:site_name\" content=\"Piqoli\" \/>\n<meta property=\"article:publisher\" content=\"https:\/\/www.facebook.com\/piqoli\/\" \/>\n<meta property=\"article:modified_time\" content=\"2025-11-24T17:15:55+00:00\" \/>\n<meta property=\"og:image\" content=\"https:\/\/piqoli.com\/wp-content\/uploads\/2025\/11\/31-Perle-Panier-1-scaled-e1764003626285.jpg\" \/>\n\t<meta property=\"og:image:width\" content=\"1000\" \/>\n\t<meta property=\"og:image:height\" content=\"1000\" \/>\n\t<meta property=\"og:image:type\" content=\"image\/jpeg\" \/>\n<meta name=\"twitter:card\" content=\"summary_large_image\" \/>\n<meta name=\"twitter:label1\" content=\"Estimated reading time\" \/>\n\t<meta name=\"twitter:data1\" content=\"1 minute\" \/>\n<script type=\"application\/ld+json\" class=\"yoast-schema-graph\">{\"@context\":\"https:\/\/schema.org\",\"@graph\":[{\"@type\":[\"WebPage\",\"ItemPage\"],\"@id\":\"https:\/\/piqoli.com\/produit\/perle-panier-5\/\",\"url\":\"https:\/\/piqoli.com\/produit\/perle-panier-5\/\",\"name\":\"Perle panier &#8902; Reproduction pr\u00e9historique&#8902; Piqoli\",\"isPartOf\":{\"@id\":\"https:\/\/piqoli.com\/#website\"},\"primaryImageOfPage\":{\"@id\":\"https:\/\/piqoli.com\/produit\/perle-panier-5\/#primaryimage\"},\"image\":{\"@id\":\"https:\/\/piqoli.com\/produit\/perle-panier-5\/#primaryimage\"},\"thumbnailUrl\":\"https:\/\/piqoli.com\/wp-content\/uploads\/2025\/11\/31-Perle-Panier-1-scaled-e1764003626285.jpg\",\"datePublished\":\"2025-11-23T11:49:20+00:00\",\"dateModified\":\"2025-11-24T17:15:55+00:00\",\"description\":\"Reproduction de perles d\u00eetes \\\"panier\\\"\u00a0 fabriqu\u00e9es en ivoire de mammouth sur le site de Castel-Merle en Dordogne il y a 37.000 ans.\",\"breadcrumb\":{\"@id\":\"https:\/\/piqoli.com\/produit\/perle-panier-5\/#breadcrumb\"},\"inLanguage\":\"en-GB\",\"potentialAction\":[{\"@type\":\"ReadAction\",\"target\":[\"https:\/\/piqoli.com\/produit\/perle-panier-5\/\"]}]},{\"@type\":\"ImageObject\",\"inLanguage\":\"en-GB\",\"@id\":\"https:\/\/piqoli.com\/produit\/perle-panier-5\/#primaryimage\",\"url\":\"https:\/\/piqoli.com\/wp-content\/uploads\/2025\/11\/31-Perle-Panier-1-scaled-e1764003626285.jpg\",\"contentUrl\":\"https:\/\/piqoli.com\/wp-content\/uploads\/2025\/11\/31-Perle-Panier-1-scaled-e1764003626285.jpg\",\"width\":1000,\"height\":1000,\"caption\":\"Reproduction en ivoire de mammouth de siberie de perles pr\u00e9historiques retrouv\u00e9es sur le site de Catsel Merle en Dordogne\"},{\"@type\":\"BreadcrumbList\",\"@id\":\"https:\/\/piqoli.com\/produit\/perle-panier-5\/#breadcrumb\",\"itemListElement\":[{\"@type\":\"ListItem\",\"position\":1,\"name\":\"Accueil\",\"item\":\"https:\/\/piqoli.com\/\"},{\"@type\":\"ListItem\",\"position\":2,\"name\":\"Perle panier\"}]},{\"@type\":\"WebSite\",\"@id\":\"https:\/\/piqoli.com\/#website\",\"url\":\"https:\/\/piqoli.com\/\",\"name\":\"Piqoli\",\"description\":\"Bijoux et sculptures en ivoire de mammouth\",\"publisher\":{\"@id\":\"https:\/\/piqoli.com\/#organization\"},\"potentialAction\":[{\"@type\":\"SearchAction\",\"target\":{\"@type\":\"EntryPoint\",\"urlTemplate\":\"https:\/\/piqoli.com\/?s={search_term_string}\"},\"query-input\":{\"@type\":\"PropertyValueSpecification\",\"valueRequired\":true,\"valueName\":\"search_term_string\"}}],\"inLanguage\":\"en-GB\"},{\"@type\":\"Organization\",\"@id\":\"https:\/\/piqoli.com\/#organization\",\"name\":\"Piqoli\",\"url\":\"https:\/\/piqoli.com\/\",\"logo\":{\"@type\":\"ImageObject\",\"inLanguage\":\"en-GB\",\"@id\":\"https:\/\/piqoli.com\/#\/schema\/logo\/image\/\",\"url\":\"https:\/\/i1.wp.com\/piqoli.com\/wp-content\/uploads\/2020\/09\/piqoli-logo-noir.png?fit=500%2C710&ssl=1\",\"contentUrl\":\"https:\/\/i1.wp.com\/piqoli.com\/wp-content\/uploads\/2020\/09\/piqoli-logo-noir.png?fit=500%2C710&ssl=1\",\"width\":500,\"height\":710,\"caption\":\"Piqoli\"},\"image\":{\"@id\":\"https:\/\/piqoli.com\/#\/schema\/logo\/image\/\"},\"sameAs\":[\"https:\/\/www.facebook.com\/piqoli\/\",\"https:\/\/www.instagram.com\/piqoli\/?hl=fr\"]}]}<\/script>\n<!-- \/ Yoast SEO plugin. -->","yoast_head_json":{"title":"Perle panier &#8902; Reproduction pr\u00e9historique&#8902; Piqoli","description":"Reproduction de perles d\u00eetes \"panier\"\u00a0 fabriqu\u00e9es en ivoire de mammouth sur le site de Castel-Merle en Dordogne il y a 37.000 ans.","robots":{"index":"index","follow":"follow","max-snippet":"max-snippet:-1","max-image-preview":"max-image-preview:large","max-video-preview":"max-video-preview:-1"},"canonical":"https:\/\/piqoli.com\/en\/product\/perle-panier-5\/","og_locale":"en_GB","og_type":"article","og_title":"Perle panier &#8902; Reproduction pr\u00e9historique&#8902; Piqoli","og_description":"Reproduction de perles d\u00eetes \"panier\"\u00a0 fabriqu\u00e9es en ivoire de mammouth sur le site de Castel-Merle en Dordogne il y a 37.000 ans.","og_url":"https:\/\/piqoli.com\/en\/product\/perle-panier-5\/","og_site_name":"Piqoli","article_publisher":"https:\/\/www.facebook.com\/piqoli\/","article_modified_time":"2025-11-24T17:15:55+00:00","og_image":[{"width":1000,"height":1000,"url":"https:\/\/piqoli.com\/wp-content\/uploads\/2025\/11\/31-Perle-Panier-1-scaled-e1764003626285.jpg","type":"image\/jpeg"}],"twitter_card":"summary_large_image","twitter_misc":{"Estimated reading time":"1 minute"},"schema":{"@context":"https:\/\/schema.org","@graph":[{"@type":["WebPage","ItemPage"],"@id":"https:\/\/piqoli.com\/produit\/perle-panier-5\/","url":"https:\/\/piqoli.com\/produit\/perle-panier-5\/","name":"Perle panier &#8902; Reproduction pr\u00e9historique&#8902; Piqoli","isPartOf":{"@id":"https:\/\/piqoli.com\/#website"},"primaryImageOfPage":{"@id":"https:\/\/piqoli.com\/produit\/perle-panier-5\/#primaryimage"},"image":{"@id":"https:\/\/piqoli.com\/produit\/perle-panier-5\/#primaryimage"},"thumbnailUrl":"https:\/\/piqoli.com\/wp-content\/uploads\/2025\/11\/31-Perle-Panier-1-scaled-e1764003626285.jpg","datePublished":"2025-11-23T11:49:20+00:00","dateModified":"2025-11-24T17:15:55+00:00","description":"Reproduction de perles d\u00eetes \"panier\"\u00a0 fabriqu\u00e9es en ivoire de mammouth sur le site de Castel-Merle en Dordogne il y a 37.000 ans.","breadcrumb":{"@id":"https:\/\/piqoli.com\/produit\/perle-panier-5\/#breadcrumb"},"inLanguage":"en-GB","potentialAction":[{"@type":"ReadAction","target":["https:\/\/piqoli.com\/produit\/perle-panier-5\/"]}]},{"@type":"ImageObject","inLanguage":"en-GB","@id":"https:\/\/piqoli.com\/produit\/perle-panier-5\/#primaryimage","url":"https:\/\/piqoli.com\/wp-content\/uploads\/2025\/11\/31-Perle-Panier-1-scaled-e1764003626285.jpg","contentUrl":"https:\/\/piqoli.com\/wp-content\/uploads\/2025\/11\/31-Perle-Panier-1-scaled-e1764003626285.jpg","width":1000,"height":1000,"caption":"Reproduction en ivoire de mammouth de siberie de perles pr\u00e9historiques retrouv\u00e9es sur le site de Catsel Merle en Dordogne"},{"@type":"BreadcrumbList","@id":"https:\/\/piqoli.com\/produit\/perle-panier-5\/#breadcrumb","itemListElement":[{"@type":"ListItem","position":1,"name":"Accueil","item":"https:\/\/piqoli.com\/"},{"@type":"ListItem","position":2,"name":"Perle panier"}]},{"@type":"WebSite","@id":"https:\/\/piqoli.com\/#website","url":"https:\/\/piqoli.com\/","name":"Piqoli","description":"Wooly mammoth ivory jewelry and sculptures","publisher":{"@id":"https:\/\/piqoli.com\/#organization"},"potentialAction":[{"@type":"SearchAction","target":{"@type":"EntryPoint","urlTemplate":"https:\/\/piqoli.com\/?s={search_term_string}"},"query-input":{"@type":"PropertyValueSpecification","valueRequired":true,"valueName":"search_term_string"}}],"inLanguage":"en-GB"},{"@type":"Organization","@id":"https:\/\/piqoli.com\/#organization","name":"Piqoli","url":"https:\/\/piqoli.com\/","logo":{"@type":"ImageObject","inLanguage":"en-GB","@id":"https:\/\/piqoli.com\/#\/schema\/logo\/image\/","url":"https:\/\/i1.wp.com\/piqoli.com\/wp-content\/uploads\/2020\/09\/piqoli-logo-noir.png?fit=500%2C710&ssl=1","contentUrl":"https:\/\/i1.wp.com\/piqoli.com\/wp-content\/uploads\/2020\/09\/piqoli-logo-noir.png?fit=500%2C710&ssl=1","width":500,"height":710,"caption":"Piqoli"},"image":{"@id":"https:\/\/piqoli.com\/#\/schema\/logo\/image\/"},"sameAs":["https:\/\/www.facebook.com\/piqoli\/","https:\/\/www.instagram.com\/piqoli\/?hl=fr"]}]}},"_links":{"self":[{"href":"https:\/\/piqoli.com\/en\/wp-json\/wp\/v2\/product\/1136","targetHints":{"allow":["GET"]}}],"collection":[{"href":"https:\/\/piqoli.com\/en\/wp-json\/wp\/v2\/product"}],"about":[{"href":"https:\/\/piqoli.com\/en\/wp-json\/wp\/v2\/types\/product"}],"wp:featuredmedia":[{"embeddable":true,"href":"https:\/\/piqoli.com\/en\/wp-json\/wp\/v2\/media\/6265"}],"wp:attachment":[{"href":"https:\/\/piqoli.com\/en\/wp-json\/wp\/v2\/media?parent=1136"}],"wp:term":[{"taxonomy":"product_brand","embeddable":true,"href":"https:\/\/piqoli.com\/en\/wp-json\/wp\/v2\/product_brand?post=1136"},{"taxonomy":"product_cat","embeddable":true,"href":"https:\/\/piqoli.com\/en\/wp-json\/wp\/v2\/product_cat?post=1136"},{"taxonomy":"product_tag","embeddable":true,"href":"https:\/\/piqoli.com\/en\/wp-json\/wp\/v2\/product_tag?post=1136"}],"curies":[{"name":"wp","href":"https:\/\/api.w.org\/{rel}","templated":true}]}}