{"id":1177,"date":"2020-11-25T16:24:18","date_gmt":"2020-11-25T15:24:18","guid":{"rendered":"https:\/\/piqoli.com\/?post_type=product&#038;p=1177"},"modified":"2021-10-22T15:14:01","modified_gmt":"2021-10-22T13:14:01","slug":"venus-de-brassempouy","status":"publish","type":"product","link":"https:\/\/piqoli.com\/en\/product\/venus-de-brassempouy\/","title":{"rendered":"Dame de Brassempouy"},"content":{"rendered":"<p>This piece, created by\u00a0<a href=\"https:\/\/piqoli.com\/en\/?page_id=30\">Olivier Picquart<\/a>\u00a0is unique.<\/p>\n<p><span class=\"d2edcug0 hpfvmrgz qv66sw1b c1et5uql rrkovp55 a8c37x1j keod5gw0 nxhoafnm aigsh9s9 d3f4x2em fe6kdd0r mau55g9w c8b282yb iv3no6db jq4qci2q a3bd9o3v knj5qynh oo9gr5id\" dir=\"auto\">Notre ivoire de mammouth est l\u00e9gal, un certificat d\u2019authenticit\u00e9 vous sera remis.<\/span><\/p>\n<p>No varnish; only polishing.<\/p>\n<p><em>T.V.A incluse. Les frais de livraison et d\u2019assurance sont calcul\u00e9s automatiquement au moment de la commande en fonction de l\u2019adresse de livraison et du montant du panier.<\/em><\/p>","protected":false},"excerpt":{"rendered":"<p>Exemple de reproduction de la V\u00e9nus de Brassempouy ou Dame \u00e0 la Capuche en ivoire de mammouth de Sib\u00e9rie. Hauteur 42 mm.\u00a0 650 \u20ac . Petit rappel : l&rsquo;originale est aussi en ivoire de mammouth. Pour ma part, il s&rsquo;agit d&rsquo;un travail tr\u00e8s particulier car je dois me tenir \u00e0 reproduire d&rsquo;apr\u00e8s photos. Le regard doit \u00eatre le plus juste et le plus fid\u00e8le. Par contre, je ne reproduis pas la fissure que l&rsquo;on trouve sur le visage de l&rsquo;originale d&rsquo;autant qu&rsquo;elle est due \u00e0 un ass\u00e8chement apr\u00e8s sa d\u00e9couverte arch\u00e9ologique.<\/p>\n<p>Socle en ch\u00eane de tourbi\u00e8re \u00e0 adapter selon le besoin du client. L&rsquo;id\u00e9e est que la sculpture s&rsquo;enl\u00e8ve \u00e0 l&rsquo;envie du socle pour \u00eatre touch\u00e9e.<\/p>\n<p>Sur commande uniquement, merci de me contacter.<\/p>","protected":false},"featured_media":1178,"template":"","meta":[],"product_brand":[],"product_cat":[35,17],"product_tag":[],"class_list":{"0":"post-1177","1":"product","2":"type-product","3":"status-publish","4":"has-post-thumbnail","6":"product_cat-prehistoire","7":"product_cat-sculptures","9":"first","10":"outofstock","11":"sold-individually","12":"shipping-taxable","13":"purchasable","14":"product-type-simple"},"yoast_head":"<!-- This site is optimized with the Yoast SEO plugin v26.7 - https:\/\/yoast.com\/wordpress\/plugins\/seo\/ -->\n<title>Dame de Brassempouy &#8902; Reproduction de la Dame \u00e0 la capuche&#8902; Piqoli<\/title>\n<meta name=\"description\" content=\"Reproduction de la V\u00e9nus pr\u00e9historique de Brassempouy ou Dame \u00e0 la capuche en ivoire de mammouth provenant du permafrost de Sib\u00e9rie.\" \/>\n<meta name=\"robots\" content=\"index, follow, max-snippet:-1, max-image-preview:large, max-video-preview:-1\" \/>\n<link rel=\"canonical\" href=\"https:\/\/piqoli.com\/en\/product\/venus-de-brassempouy\/\" \/>\n<meta property=\"og:locale\" content=\"en_GB\" \/>\n<meta property=\"og:type\" content=\"article\" \/>\n<meta property=\"og:title\" content=\"Dame de Brassempouy &#8902; Reproduction de la Dame \u00e0 la capuche&#8902; Piqoli\" \/>\n<meta property=\"og:description\" content=\"Reproduction de la V\u00e9nus pr\u00e9historique de Brassempouy ou Dame \u00e0 la capuche en ivoire de mammouth provenant du permafrost de Sib\u00e9rie.\" \/>\n<meta property=\"og:url\" content=\"https:\/\/piqoli.com\/en\/product\/venus-de-brassempouy\/\" \/>\n<meta property=\"og:site_name\" content=\"Piqoli\" \/>\n<meta property=\"article:publisher\" content=\"https:\/\/www.facebook.com\/piqoli\/\" \/>\n<meta property=\"article:modified_time\" content=\"2021-10-22T13:14:01+00:00\" \/>\n<meta property=\"og:image\" content=\"https:\/\/i0.wp.com\/piqoli.com\/wp-content\/uploads\/2020\/11\/REPROD2-e1606317843775.jpg?fit=1000%2C1000&ssl=1\" \/>\n\t<meta property=\"og:image:width\" content=\"1000\" \/>\n\t<meta property=\"og:image:height\" content=\"1000\" \/>\n\t<meta property=\"og:image:type\" content=\"image\/jpeg\" \/>\n<meta name=\"twitter:card\" content=\"summary_large_image\" \/>\n<script type=\"application\/ld+json\" class=\"yoast-schema-graph\">{\"@context\":\"https:\/\/schema.org\",\"@graph\":[{\"@type\":[\"WebPage\",\"ItemPage\"],\"@id\":\"https:\/\/piqoli.com\/en\/product\/venus-de-brassempouy\/\",\"url\":\"https:\/\/piqoli.com\/en\/product\/venus-de-brassempouy\/\",\"name\":\"Dame de Brassempouy &#8902; Reproduction de la Dame \u00e0 la capuche&#8902; Piqoli\",\"isPartOf\":{\"@id\":\"https:\/\/piqoli.com\/#website\"},\"primaryImageOfPage\":{\"@id\":\"https:\/\/piqoli.com\/en\/product\/venus-de-brassempouy\/#primaryimage\"},\"image\":{\"@id\":\"https:\/\/piqoli.com\/en\/product\/venus-de-brassempouy\/#primaryimage\"},\"thumbnailUrl\":\"https:\/\/piqoli.com\/wp-content\/uploads\/2020\/11\/REPROD2-e1606317843775.jpg\",\"datePublished\":\"2020-11-25T15:24:18+00:00\",\"dateModified\":\"2021-10-22T13:14:01+00:00\",\"description\":\"Reproduction de la V\u00e9nus pr\u00e9historique de Brassempouy ou Dame \u00e0 la capuche en ivoire de mammouth provenant du permafrost de Sib\u00e9rie.\",\"breadcrumb\":{\"@id\":\"https:\/\/piqoli.com\/en\/product\/venus-de-brassempouy\/#breadcrumb\"},\"inLanguage\":\"en-GB\",\"potentialAction\":[{\"@type\":\"ReadAction\",\"target\":[\"https:\/\/piqoli.com\/en\/product\/venus-de-brassempouy\/\"]}]},{\"@type\":\"ImageObject\",\"inLanguage\":\"en-GB\",\"@id\":\"https:\/\/piqoli.com\/en\/product\/venus-de-brassempouy\/#primaryimage\",\"url\":\"https:\/\/piqoli.com\/wp-content\/uploads\/2020\/11\/REPROD2-e1606317843775.jpg\",\"contentUrl\":\"https:\/\/piqoli.com\/wp-content\/uploads\/2020\/11\/REPROD2-e1606317843775.jpg\",\"width\":1000,\"height\":1000,\"caption\":\"V\u00e9nus de Brassempouy Pr\u00e9histoire Dame \u00e0 la Capuche Brassempouy Lady\"},{\"@type\":\"BreadcrumbList\",\"@id\":\"https:\/\/piqoli.com\/en\/product\/venus-de-brassempouy\/#breadcrumb\",\"itemListElement\":[{\"@type\":\"ListItem\",\"position\":1,\"name\":\"Accueil\",\"item\":\"https:\/\/piqoli.com\/\"},{\"@type\":\"ListItem\",\"position\":2,\"name\":\"Dame de Brassempouy\"}]},{\"@type\":\"WebSite\",\"@id\":\"https:\/\/piqoli.com\/#website\",\"url\":\"https:\/\/piqoli.com\/\",\"name\":\"Piqoli\",\"description\":\"Bijoux et sculptures en ivoire de mammouth\",\"publisher\":{\"@id\":\"https:\/\/piqoli.com\/#organization\"},\"potentialAction\":[{\"@type\":\"SearchAction\",\"target\":{\"@type\":\"EntryPoint\",\"urlTemplate\":\"https:\/\/piqoli.com\/?s={search_term_string}\"},\"query-input\":{\"@type\":\"PropertyValueSpecification\",\"valueRequired\":true,\"valueName\":\"search_term_string\"}}],\"inLanguage\":\"en-GB\"},{\"@type\":\"Organization\",\"@id\":\"https:\/\/piqoli.com\/#organization\",\"name\":\"Piqoli\",\"url\":\"https:\/\/piqoli.com\/\",\"logo\":{\"@type\":\"ImageObject\",\"inLanguage\":\"en-GB\",\"@id\":\"https:\/\/piqoli.com\/#\/schema\/logo\/image\/\",\"url\":\"https:\/\/i1.wp.com\/piqoli.com\/wp-content\/uploads\/2020\/09\/piqoli-logo-noir.png?fit=500%2C710&ssl=1\",\"contentUrl\":\"https:\/\/i1.wp.com\/piqoli.com\/wp-content\/uploads\/2020\/09\/piqoli-logo-noir.png?fit=500%2C710&ssl=1\",\"width\":500,\"height\":710,\"caption\":\"Piqoli\"},\"image\":{\"@id\":\"https:\/\/piqoli.com\/#\/schema\/logo\/image\/\"},\"sameAs\":[\"https:\/\/www.facebook.com\/piqoli\/\",\"https:\/\/www.instagram.com\/piqoli\/?hl=fr\"]}]}<\/script>\n<!-- \/ Yoast SEO plugin. -->","yoast_head_json":{"title":"Dame de Brassempouy &#8902; Reproduction de la Dame \u00e0 la capuche&#8902; Piqoli","description":"Reproduction de la V\u00e9nus pr\u00e9historique de Brassempouy ou Dame \u00e0 la capuche en ivoire de mammouth provenant du permafrost de Sib\u00e9rie.","robots":{"index":"index","follow":"follow","max-snippet":"max-snippet:-1","max-image-preview":"max-image-preview:large","max-video-preview":"max-video-preview:-1"},"canonical":"https:\/\/piqoli.com\/en\/product\/venus-de-brassempouy\/","og_locale":"en_GB","og_type":"article","og_title":"Dame de Brassempouy &#8902; Reproduction de la Dame \u00e0 la capuche&#8902; Piqoli","og_description":"Reproduction de la V\u00e9nus pr\u00e9historique de Brassempouy ou Dame \u00e0 la capuche en ivoire de mammouth provenant du permafrost de Sib\u00e9rie.","og_url":"https:\/\/piqoli.com\/en\/product\/venus-de-brassempouy\/","og_site_name":"Piqoli","article_publisher":"https:\/\/www.facebook.com\/piqoli\/","article_modified_time":"2021-10-22T13:14:01+00:00","og_image":[{"width":1000,"height":1000,"url":"https:\/\/i0.wp.com\/piqoli.com\/wp-content\/uploads\/2020\/11\/REPROD2-e1606317843775.jpg?fit=1000%2C1000&ssl=1","type":"image\/jpeg"}],"twitter_card":"summary_large_image","schema":{"@context":"https:\/\/schema.org","@graph":[{"@type":["WebPage","ItemPage"],"@id":"https:\/\/piqoli.com\/en\/product\/venus-de-brassempouy\/","url":"https:\/\/piqoli.com\/en\/product\/venus-de-brassempouy\/","name":"Dame de Brassempouy &#8902; Reproduction de la Dame \u00e0 la capuche&#8902; Piqoli","isPartOf":{"@id":"https:\/\/piqoli.com\/#website"},"primaryImageOfPage":{"@id":"https:\/\/piqoli.com\/en\/product\/venus-de-brassempouy\/#primaryimage"},"image":{"@id":"https:\/\/piqoli.com\/en\/product\/venus-de-brassempouy\/#primaryimage"},"thumbnailUrl":"https:\/\/piqoli.com\/wp-content\/uploads\/2020\/11\/REPROD2-e1606317843775.jpg","datePublished":"2020-11-25T15:24:18+00:00","dateModified":"2021-10-22T13:14:01+00:00","description":"Reproduction de la V\u00e9nus pr\u00e9historique de Brassempouy ou Dame \u00e0 la capuche en ivoire de mammouth provenant du permafrost de Sib\u00e9rie.","breadcrumb":{"@id":"https:\/\/piqoli.com\/en\/product\/venus-de-brassempouy\/#breadcrumb"},"inLanguage":"en-GB","potentialAction":[{"@type":"ReadAction","target":["https:\/\/piqoli.com\/en\/product\/venus-de-brassempouy\/"]}]},{"@type":"ImageObject","inLanguage":"en-GB","@id":"https:\/\/piqoli.com\/en\/product\/venus-de-brassempouy\/#primaryimage","url":"https:\/\/piqoli.com\/wp-content\/uploads\/2020\/11\/REPROD2-e1606317843775.jpg","contentUrl":"https:\/\/piqoli.com\/wp-content\/uploads\/2020\/11\/REPROD2-e1606317843775.jpg","width":1000,"height":1000,"caption":"V\u00e9nus de Brassempouy Pr\u00e9histoire Dame \u00e0 la Capuche Brassempouy Lady"},{"@type":"BreadcrumbList","@id":"https:\/\/piqoli.com\/en\/product\/venus-de-brassempouy\/#breadcrumb","itemListElement":[{"@type":"ListItem","position":1,"name":"Accueil","item":"https:\/\/piqoli.com\/"},{"@type":"ListItem","position":2,"name":"Dame de Brassempouy"}]},{"@type":"WebSite","@id":"https:\/\/piqoli.com\/#website","url":"https:\/\/piqoli.com\/","name":"Piqoli","description":"Wooly mammoth ivory jewelry and sculptures","publisher":{"@id":"https:\/\/piqoli.com\/#organization"},"potentialAction":[{"@type":"SearchAction","target":{"@type":"EntryPoint","urlTemplate":"https:\/\/piqoli.com\/?s={search_term_string}"},"query-input":{"@type":"PropertyValueSpecification","valueRequired":true,"valueName":"search_term_string"}}],"inLanguage":"en-GB"},{"@type":"Organization","@id":"https:\/\/piqoli.com\/#organization","name":"Piqoli","url":"https:\/\/piqoli.com\/","logo":{"@type":"ImageObject","inLanguage":"en-GB","@id":"https:\/\/piqoli.com\/#\/schema\/logo\/image\/","url":"https:\/\/i1.wp.com\/piqoli.com\/wp-content\/uploads\/2020\/09\/piqoli-logo-noir.png?fit=500%2C710&ssl=1","contentUrl":"https:\/\/i1.wp.com\/piqoli.com\/wp-content\/uploads\/2020\/09\/piqoli-logo-noir.png?fit=500%2C710&ssl=1","width":500,"height":710,"caption":"Piqoli"},"image":{"@id":"https:\/\/piqoli.com\/#\/schema\/logo\/image\/"},"sameAs":["https:\/\/www.facebook.com\/piqoli\/","https:\/\/www.instagram.com\/piqoli\/?hl=fr"]}]}},"_links":{"self":[{"href":"https:\/\/piqoli.com\/en\/wp-json\/wp\/v2\/product\/1177","targetHints":{"allow":["GET"]}}],"collection":[{"href":"https:\/\/piqoli.com\/en\/wp-json\/wp\/v2\/product"}],"about":[{"href":"https:\/\/piqoli.com\/en\/wp-json\/wp\/v2\/types\/product"}],"wp:featuredmedia":[{"embeddable":true,"href":"https:\/\/piqoli.com\/en\/wp-json\/wp\/v2\/media\/1178"}],"wp:attachment":[{"href":"https:\/\/piqoli.com\/en\/wp-json\/wp\/v2\/media?parent=1177"}],"wp:term":[{"taxonomy":"product_brand","embeddable":true,"href":"https:\/\/piqoli.com\/en\/wp-json\/wp\/v2\/product_brand?post=1177"},{"taxonomy":"product_cat","embeddable":true,"href":"https:\/\/piqoli.com\/en\/wp-json\/wp\/v2\/product_cat?post=1177"},{"taxonomy":"product_tag","embeddable":true,"href":"https:\/\/piqoli.com\/en\/wp-json\/wp\/v2\/product_tag?post=1177"}],"curies":[{"name":"wp","href":"https:\/\/api.w.org\/{rel}","templated":true}]}}