{"id":1558,"date":"2021-11-28T18:43:49","date_gmt":"2021-11-28T17:43:49","guid":{"rendered":"https:\/\/piqoli.com\/?post_type=product&#038;p=1558"},"modified":"2025-09-16T16:14:42","modified_gmt":"2025-09-16T14:14:42","slug":"entrelacs-vikings","status":"publish","type":"product","link":"https:\/\/piqoli.com\/en\/product\/entrelacs-vikings\/","title":{"rendered":"Entrelacs Vikings"},"content":{"rendered":"<p>This piece, created by <a href=\"https:\/\/piqoli.com\/en\/?page_id=30\">Olivier Picquart<\/a> is unique.<\/p>\n<p><span class=\"d2edcug0 hpfvmrgz qv66sw1b c1et5uql rrkovp55 a8c37x1j keod5gw0 nxhoafnm aigsh9s9 d3f4x2em fe6kdd0r mau55g9w c8b282yb iv3no6db jq4qci2q a3bd9o3v knj5qynh oo9gr5id\" dir=\"auto\">Our mammoth ivory is legal, you will be given a certificate of authenticity.<\/span><\/p>\n<p>Aucun vernis, uniquement du polissage.<\/p>\n<p><em>Tax included. Shipping and insurance charges are calculated automatically at the time of ordering based on the delivery address and the amount of the basket.<\/em><\/p>","protected":false},"excerpt":{"rendered":"<p>Pendentif. Scrimshaw (gravure \u00e0 l&rsquo;aiguille s\u00e8che au point ou \u00e0 la rayure sur une surface polie, r\u00e9v\u00e9l\u00e9e \u00e0 l&rsquo;encre de chine) d&rsquo;un entrelacs viking dont je ne connais l&rsquo;origine exacte sur \u00e9corce de d\u00e9fense de mammouth de Sib\u00e9rie. B\u00e9li\u00e8re en argent torsad\u00e9 puis martel\u00e9.<\/p>\n<p>Dimensions de la pi\u00e8ce: 40 mm de diam\u00e8tre x 5 mm<\/p>\n<p>Si vous souhaitez la cha\u00eene pr\u00e9sent\u00e9e sur les photos, merci de nous envoyer un message, sinon choisissez les cha\u00eenes habituelles de longueurs souhait\u00e9e ou le cordon noir.<\/p>\n<p><em>Irait tr\u00e8s bien aussi \u00e0 un homme ! <\/em><\/p>","protected":false},"featured_media":1553,"template":"","meta":[],"product_brand":[],"product_cat":[34],"product_tag":[],"class_list":{"0":"post-1558","1":"product","2":"type-product","3":"status-publish","4":"has-post-thumbnail","6":"product_cat-collier","8":"first","9":"outofstock","10":"sold-individually","11":"shipping-taxable","12":"purchasable","13":"product-type-variable","14":"has-default-attributes"},"yoast_head":"<!-- This site is optimized with the Yoast SEO plugin v26.7 - https:\/\/yoast.com\/wordpress\/plugins\/seo\/ -->\n<title>Entrelacs Vikings &#8902; Collier Scrimshaw ivoire de mammouth vikings&#8902; Piqoli<\/title>\n<meta name=\"description\" content=\"Scrimshaw d&#039;un entrelacs viking dont je ne connais l&#039;origine exacte sur \u00e9corce de d\u00e9fense de mammouth de Sib\u00e9rie.\" \/>\n<meta name=\"robots\" content=\"index, follow, max-snippet:-1, max-image-preview:large, max-video-preview:-1\" \/>\n<link rel=\"canonical\" href=\"https:\/\/piqoli.com\/en\/product\/entrelacs-vikings\/\" \/>\n<meta property=\"og:locale\" content=\"en_GB\" \/>\n<meta property=\"og:type\" content=\"article\" \/>\n<meta property=\"og:title\" content=\"Entrelacs Vikings &#8902; Collier Scrimshaw ivoire de mammouth vikings&#8902; Piqoli\" \/>\n<meta property=\"og:description\" content=\"Scrimshaw d&#039;un entrelacs viking dont je ne connais l&#039;origine exacte sur \u00e9corce de d\u00e9fense de mammouth de Sib\u00e9rie.\" \/>\n<meta property=\"og:url\" content=\"https:\/\/piqoli.com\/en\/product\/entrelacs-vikings\/\" \/>\n<meta property=\"og:site_name\" content=\"Piqoli\" \/>\n<meta property=\"article:publisher\" content=\"https:\/\/www.facebook.com\/piqoli\/\" \/>\n<meta property=\"article:modified_time\" content=\"2025-09-16T14:14:42+00:00\" \/>\n<meta property=\"og:image\" content=\"https:\/\/piqoli.com\/wp-content\/uploads\/2021\/03\/020321-14.jpg\" \/>\n\t<meta property=\"og:image:width\" content=\"1000\" \/>\n\t<meta property=\"og:image:height\" content=\"1000\" \/>\n\t<meta property=\"og:image:type\" content=\"image\/jpeg\" \/>\n<meta name=\"twitter:card\" content=\"summary_large_image\" \/>\n<meta name=\"twitter:label1\" content=\"Estimated reading time\" \/>\n\t<meta name=\"twitter:data1\" content=\"1 minute\" \/>\n<script type=\"application\/ld+json\" class=\"yoast-schema-graph\">{\"@context\":\"https:\/\/schema.org\",\"@graph\":[{\"@type\":[\"WebPage\",\"ItemPage\"],\"@id\":\"https:\/\/piqoli.com\/produit\/entrelacs-vikings\/\",\"url\":\"https:\/\/piqoli.com\/produit\/entrelacs-vikings\/\",\"name\":\"Entrelacs Vikings &#8902; Collier Scrimshaw ivoire de mammouth vikings&#8902; Piqoli\",\"isPartOf\":{\"@id\":\"https:\/\/piqoli.com\/#website\"},\"primaryImageOfPage\":{\"@id\":\"https:\/\/piqoli.com\/produit\/entrelacs-vikings\/#primaryimage\"},\"image\":{\"@id\":\"https:\/\/piqoli.com\/produit\/entrelacs-vikings\/#primaryimage\"},\"thumbnailUrl\":\"https:\/\/piqoli.com\/wp-content\/uploads\/2021\/03\/020321-14.jpg\",\"datePublished\":\"2021-11-28T17:43:49+00:00\",\"dateModified\":\"2025-09-16T14:14:42+00:00\",\"description\":\"Scrimshaw d'un entrelacs viking dont je ne connais l'origine exacte sur \u00e9corce de d\u00e9fense de mammouth de Sib\u00e9rie.\",\"breadcrumb\":{\"@id\":\"https:\/\/piqoli.com\/produit\/entrelacs-vikings\/#breadcrumb\"},\"inLanguage\":\"en-GB\",\"potentialAction\":[{\"@type\":\"ReadAction\",\"target\":[\"https:\/\/piqoli.com\/produit\/entrelacs-vikings\/\"]}]},{\"@type\":\"ImageObject\",\"inLanguage\":\"en-GB\",\"@id\":\"https:\/\/piqoli.com\/produit\/entrelacs-vikings\/#primaryimage\",\"url\":\"https:\/\/piqoli.com\/wp-content\/uploads\/2021\/03\/020321-14.jpg\",\"contentUrl\":\"https:\/\/piqoli.com\/wp-content\/uploads\/2021\/03\/020321-14.jpg\",\"width\":1000,\"height\":1000,\"caption\":\"pendentif scrimshaw gravure entrelacs vikings dragon sur \u00e9corce de d\u00e9fense de mammouth mammoth bark jewel pendant necklace scrimshaw viking celtic\"},{\"@type\":\"BreadcrumbList\",\"@id\":\"https:\/\/piqoli.com\/produit\/entrelacs-vikings\/#breadcrumb\",\"itemListElement\":[{\"@type\":\"ListItem\",\"position\":1,\"name\":\"Accueil\",\"item\":\"https:\/\/piqoli.com\/\"},{\"@type\":\"ListItem\",\"position\":2,\"name\":\"Entrelacs Vikings\"}]},{\"@type\":\"WebSite\",\"@id\":\"https:\/\/piqoli.com\/#website\",\"url\":\"https:\/\/piqoli.com\/\",\"name\":\"Piqoli\",\"description\":\"Bijoux et sculptures en ivoire de mammouth\",\"publisher\":{\"@id\":\"https:\/\/piqoli.com\/#organization\"},\"potentialAction\":[{\"@type\":\"SearchAction\",\"target\":{\"@type\":\"EntryPoint\",\"urlTemplate\":\"https:\/\/piqoli.com\/?s={search_term_string}\"},\"query-input\":{\"@type\":\"PropertyValueSpecification\",\"valueRequired\":true,\"valueName\":\"search_term_string\"}}],\"inLanguage\":\"en-GB\"},{\"@type\":\"Organization\",\"@id\":\"https:\/\/piqoli.com\/#organization\",\"name\":\"Piqoli\",\"url\":\"https:\/\/piqoli.com\/\",\"logo\":{\"@type\":\"ImageObject\",\"inLanguage\":\"en-GB\",\"@id\":\"https:\/\/piqoli.com\/#\/schema\/logo\/image\/\",\"url\":\"https:\/\/i1.wp.com\/piqoli.com\/wp-content\/uploads\/2020\/09\/piqoli-logo-noir.png?fit=500%2C710&ssl=1\",\"contentUrl\":\"https:\/\/i1.wp.com\/piqoli.com\/wp-content\/uploads\/2020\/09\/piqoli-logo-noir.png?fit=500%2C710&ssl=1\",\"width\":500,\"height\":710,\"caption\":\"Piqoli\"},\"image\":{\"@id\":\"https:\/\/piqoli.com\/#\/schema\/logo\/image\/\"},\"sameAs\":[\"https:\/\/www.facebook.com\/piqoli\/\",\"https:\/\/www.instagram.com\/piqoli\/?hl=fr\"]}]}<\/script>\n<!-- \/ Yoast SEO plugin. -->","yoast_head_json":{"title":"Entrelacs Vikings &#8902; Collier Scrimshaw ivoire de mammouth vikings&#8902; Piqoli","description":"Scrimshaw d'un entrelacs viking dont je ne connais l'origine exacte sur \u00e9corce de d\u00e9fense de mammouth de Sib\u00e9rie.","robots":{"index":"index","follow":"follow","max-snippet":"max-snippet:-1","max-image-preview":"max-image-preview:large","max-video-preview":"max-video-preview:-1"},"canonical":"https:\/\/piqoli.com\/en\/product\/entrelacs-vikings\/","og_locale":"en_GB","og_type":"article","og_title":"Entrelacs Vikings &#8902; Collier Scrimshaw ivoire de mammouth vikings&#8902; Piqoli","og_description":"Scrimshaw d'un entrelacs viking dont je ne connais l'origine exacte sur \u00e9corce de d\u00e9fense de mammouth de Sib\u00e9rie.","og_url":"https:\/\/piqoli.com\/en\/product\/entrelacs-vikings\/","og_site_name":"Piqoli","article_publisher":"https:\/\/www.facebook.com\/piqoli\/","article_modified_time":"2025-09-16T14:14:42+00:00","og_image":[{"width":1000,"height":1000,"url":"https:\/\/piqoli.com\/wp-content\/uploads\/2021\/03\/020321-14.jpg","type":"image\/jpeg"}],"twitter_card":"summary_large_image","twitter_misc":{"Estimated reading time":"1 minute"},"schema":{"@context":"https:\/\/schema.org","@graph":[{"@type":["WebPage","ItemPage"],"@id":"https:\/\/piqoli.com\/produit\/entrelacs-vikings\/","url":"https:\/\/piqoli.com\/produit\/entrelacs-vikings\/","name":"Entrelacs Vikings &#8902; Collier Scrimshaw ivoire de mammouth vikings&#8902; Piqoli","isPartOf":{"@id":"https:\/\/piqoli.com\/#website"},"primaryImageOfPage":{"@id":"https:\/\/piqoli.com\/produit\/entrelacs-vikings\/#primaryimage"},"image":{"@id":"https:\/\/piqoli.com\/produit\/entrelacs-vikings\/#primaryimage"},"thumbnailUrl":"https:\/\/piqoli.com\/wp-content\/uploads\/2021\/03\/020321-14.jpg","datePublished":"2021-11-28T17:43:49+00:00","dateModified":"2025-09-16T14:14:42+00:00","description":"Scrimshaw d'un entrelacs viking dont je ne connais l'origine exacte sur \u00e9corce de d\u00e9fense de mammouth de Sib\u00e9rie.","breadcrumb":{"@id":"https:\/\/piqoli.com\/produit\/entrelacs-vikings\/#breadcrumb"},"inLanguage":"en-GB","potentialAction":[{"@type":"ReadAction","target":["https:\/\/piqoli.com\/produit\/entrelacs-vikings\/"]}]},{"@type":"ImageObject","inLanguage":"en-GB","@id":"https:\/\/piqoli.com\/produit\/entrelacs-vikings\/#primaryimage","url":"https:\/\/piqoli.com\/wp-content\/uploads\/2021\/03\/020321-14.jpg","contentUrl":"https:\/\/piqoli.com\/wp-content\/uploads\/2021\/03\/020321-14.jpg","width":1000,"height":1000,"caption":"pendentif scrimshaw gravure entrelacs vikings dragon sur \u00e9corce de d\u00e9fense de mammouth mammoth bark jewel pendant necklace scrimshaw viking celtic"},{"@type":"BreadcrumbList","@id":"https:\/\/piqoli.com\/produit\/entrelacs-vikings\/#breadcrumb","itemListElement":[{"@type":"ListItem","position":1,"name":"Accueil","item":"https:\/\/piqoli.com\/"},{"@type":"ListItem","position":2,"name":"Entrelacs Vikings"}]},{"@type":"WebSite","@id":"https:\/\/piqoli.com\/#website","url":"https:\/\/piqoli.com\/","name":"Piqoli","description":"Wooly mammoth ivory jewelry and sculptures","publisher":{"@id":"https:\/\/piqoli.com\/#organization"},"potentialAction":[{"@type":"SearchAction","target":{"@type":"EntryPoint","urlTemplate":"https:\/\/piqoli.com\/?s={search_term_string}"},"query-input":{"@type":"PropertyValueSpecification","valueRequired":true,"valueName":"search_term_string"}}],"inLanguage":"en-GB"},{"@type":"Organization","@id":"https:\/\/piqoli.com\/#organization","name":"Piqoli","url":"https:\/\/piqoli.com\/","logo":{"@type":"ImageObject","inLanguage":"en-GB","@id":"https:\/\/piqoli.com\/#\/schema\/logo\/image\/","url":"https:\/\/i1.wp.com\/piqoli.com\/wp-content\/uploads\/2020\/09\/piqoli-logo-noir.png?fit=500%2C710&ssl=1","contentUrl":"https:\/\/i1.wp.com\/piqoli.com\/wp-content\/uploads\/2020\/09\/piqoli-logo-noir.png?fit=500%2C710&ssl=1","width":500,"height":710,"caption":"Piqoli"},"image":{"@id":"https:\/\/piqoli.com\/#\/schema\/logo\/image\/"},"sameAs":["https:\/\/www.facebook.com\/piqoli\/","https:\/\/www.instagram.com\/piqoli\/?hl=fr"]}]}},"_links":{"self":[{"href":"https:\/\/piqoli.com\/en\/wp-json\/wp\/v2\/product\/1558","targetHints":{"allow":["GET"]}}],"collection":[{"href":"https:\/\/piqoli.com\/en\/wp-json\/wp\/v2\/product"}],"about":[{"href":"https:\/\/piqoli.com\/en\/wp-json\/wp\/v2\/types\/product"}],"wp:featuredmedia":[{"embeddable":true,"href":"https:\/\/piqoli.com\/en\/wp-json\/wp\/v2\/media\/1553"}],"wp:attachment":[{"href":"https:\/\/piqoli.com\/en\/wp-json\/wp\/v2\/media?parent=1558"}],"wp:term":[{"taxonomy":"product_brand","embeddable":true,"href":"https:\/\/piqoli.com\/en\/wp-json\/wp\/v2\/product_brand?post=1558"},{"taxonomy":"product_cat","embeddable":true,"href":"https:\/\/piqoli.com\/en\/wp-json\/wp\/v2\/product_cat?post=1558"},{"taxonomy":"product_tag","embeddable":true,"href":"https:\/\/piqoli.com\/en\/wp-json\/wp\/v2\/product_tag?post=1558"}],"curies":[{"name":"wp","href":"https:\/\/api.w.org\/{rel}","templated":true}]}}