{"id":382,"date":"2021-11-18T11:10:33","date_gmt":"2021-11-18T10:10:33","guid":{"rendered":"https:\/\/piqoli.com\/?post_type=product&#038;p=382"},"modified":"2022-11-18T13:03:56","modified_gmt":"2022-11-18T12:03:56","slug":"venus-bas-relief","status":"publish","type":"product","link":"https:\/\/piqoli.com\/en\/product\/venus-bas-relief\/","title":{"rendered":"V\u00e9nus Idole"},"content":{"rendered":"<p>Cette sculpture, cr\u00e9\u00e9e par\u00a0<a href=\"https:\/\/piqoli.com\/en\/?page_id=30\">Olivier Picquart<\/a>\u00a0is unique.\u00a0<span class=\"d2edcug0 hpfvmrgz qv66sw1b c1et5uql rrkovp55 a8c37x1j keod5gw0 nxhoafnm aigsh9s9 d3f4x2em fe6kdd0r mau55g9w c8b282yb iv3no6db jq4qci2q a3bd9o3v knj5qynh oo9gr5id\" dir=\"auto\">Notre ivoire de mammouth est l\u00e9gal, un certificat d\u2019authenticit\u00e9 vous sera remis.<\/span><\/p>\n<p>No varnish; only polishing.<\/p>\n<p><em>T.V.A incluse. Les frais de livraison et d\u2019assurance sont calcul\u00e9s automatiquement au moment de la commande en fonction de l\u2019adresse de livraison et du montant du panier.<\/em><\/p>","protected":false},"excerpt":{"rendered":"<p>Bas-relief de v\u00e9nus, inspir\u00e9e des \u00ab\u00a0v\u00e9nus\u00a0\u00bb de culture gravettienne. Ivoire de mammouth de Sib\u00e9rie (hauteur 80 mm) sur panneau de bois flott\u00e9 de la mer m\u00e9diterran\u00e9e suite \u00e0 la temp\u00eate Gloria de janvier 2020 (hauteur 257 mm). Et clou forg\u00e9 ancien.<\/p>\n<p>La sculpture s&rsquo;enl\u00e8ve tr\u00e8s facilement afin d&rsquo;\u00eatre prise en main car tr\u00e8s agr\u00e9able \u00e0 toucher !<\/p>","protected":false},"featured_media":378,"template":"","meta":[],"product_brand":[],"product_cat":[35,17],"product_tag":[],"class_list":{"0":"post-382","1":"product","2":"type-product","3":"status-publish","4":"has-post-thumbnail","6":"product_cat-prehistoire","7":"product_cat-sculptures","9":"first","10":"instock","11":"sold-individually","12":"shipping-taxable","13":"purchasable","14":"product-type-simple"},"yoast_head":"<!-- This site is optimized with the Yoast SEO plugin v26.7 - https:\/\/yoast.com\/wordpress\/plugins\/seo\/ -->\n<title>V\u00e9nus bas relief - sculpture en ivoire unique &#8902; Piqoli<\/title>\n<meta name=\"description\" content=\"Olivier Picquart cr\u00e9e des bijoux : bagues, colliers, boucles d&#039;oreilles et des sculptures en ivoire de mammouth.\" \/>\n<meta name=\"robots\" content=\"index, follow, max-snippet:-1, max-image-preview:large, max-video-preview:-1\" \/>\n<link rel=\"canonical\" href=\"https:\/\/piqoli.com\/en\/product\/venus-bas-relief\/\" \/>\n<meta property=\"og:locale\" content=\"en_GB\" \/>\n<meta property=\"og:type\" content=\"article\" \/>\n<meta property=\"og:title\" content=\"V\u00e9nus bas relief - sculpture en ivoire unique &#8902; Piqoli\" \/>\n<meta property=\"og:description\" content=\"Olivier Picquart cr\u00e9e des bijoux : bagues, colliers, boucles d&#039;oreilles et des sculptures en ivoire de mammouth.\" \/>\n<meta property=\"og:url\" content=\"https:\/\/piqoli.com\/en\/product\/venus-bas-relief\/\" \/>\n<meta property=\"og:site_name\" content=\"Piqoli\" \/>\n<meta property=\"article:publisher\" content=\"https:\/\/www.facebook.com\/piqoli\/\" \/>\n<meta property=\"article:modified_time\" content=\"2022-11-18T12:03:56+00:00\" \/>\n<meta property=\"og:image\" content=\"https:\/\/piqoli.com\/wp-content\/uploads\/2020\/11\/venus-bas-relief-3.jpg\" \/>\n\t<meta property=\"og:image:width\" content=\"960\" \/>\n\t<meta property=\"og:image:height\" content=\"960\" \/>\n\t<meta property=\"og:image:type\" content=\"image\/jpeg\" \/>\n<meta name=\"twitter:card\" content=\"summary_large_image\" \/>\n<script type=\"application\/ld+json\" class=\"yoast-schema-graph\">{\"@context\":\"https:\/\/schema.org\",\"@graph\":[{\"@type\":[\"WebPage\",\"ItemPage\"],\"@id\":\"https:\/\/piqoli.com\/produit\/venus-bas-relief\/\",\"url\":\"https:\/\/piqoli.com\/produit\/venus-bas-relief\/\",\"name\":\"V\u00e9nus bas relief - sculpture en ivoire unique &#8902; Piqoli\",\"isPartOf\":{\"@id\":\"https:\/\/piqoli.com\/#website\"},\"primaryImageOfPage\":{\"@id\":\"https:\/\/piqoli.com\/produit\/venus-bas-relief\/#primaryimage\"},\"image\":{\"@id\":\"https:\/\/piqoli.com\/produit\/venus-bas-relief\/#primaryimage\"},\"thumbnailUrl\":\"https:\/\/piqoli.com\/wp-content\/uploads\/2020\/11\/venus-bas-relief-3.jpg\",\"datePublished\":\"2021-11-18T10:10:33+00:00\",\"dateModified\":\"2022-11-18T12:03:56+00:00\",\"description\":\"Olivier Picquart cr\u00e9e des bijoux : bagues, colliers, boucles d'oreilles et des sculptures en ivoire de mammouth.\",\"breadcrumb\":{\"@id\":\"https:\/\/piqoli.com\/produit\/venus-bas-relief\/#breadcrumb\"},\"inLanguage\":\"en-GB\",\"potentialAction\":[{\"@type\":\"ReadAction\",\"target\":[\"https:\/\/piqoli.com\/produit\/venus-bas-relief\/\"]}]},{\"@type\":\"ImageObject\",\"inLanguage\":\"en-GB\",\"@id\":\"https:\/\/piqoli.com\/produit\/venus-bas-relief\/#primaryimage\",\"url\":\"https:\/\/piqoli.com\/wp-content\/uploads\/2020\/11\/venus-bas-relief-3.jpg\",\"contentUrl\":\"https:\/\/piqoli.com\/wp-content\/uploads\/2020\/11\/venus-bas-relief-3.jpg\",\"width\":960,\"height\":960,\"caption\":\"V\u00e9nus ivoire de mammouth bas relief Piqoli\"},{\"@type\":\"BreadcrumbList\",\"@id\":\"https:\/\/piqoli.com\/produit\/venus-bas-relief\/#breadcrumb\",\"itemListElement\":[{\"@type\":\"ListItem\",\"position\":1,\"name\":\"Accueil\",\"item\":\"https:\/\/piqoli.com\/\"},{\"@type\":\"ListItem\",\"position\":2,\"name\":\"V\u00e9nus Idole\"}]},{\"@type\":\"WebSite\",\"@id\":\"https:\/\/piqoli.com\/#website\",\"url\":\"https:\/\/piqoli.com\/\",\"name\":\"Piqoli\",\"description\":\"Bijoux et sculptures en ivoire de mammouth\",\"publisher\":{\"@id\":\"https:\/\/piqoli.com\/#organization\"},\"potentialAction\":[{\"@type\":\"SearchAction\",\"target\":{\"@type\":\"EntryPoint\",\"urlTemplate\":\"https:\/\/piqoli.com\/?s={search_term_string}\"},\"query-input\":{\"@type\":\"PropertyValueSpecification\",\"valueRequired\":true,\"valueName\":\"search_term_string\"}}],\"inLanguage\":\"en-GB\"},{\"@type\":\"Organization\",\"@id\":\"https:\/\/piqoli.com\/#organization\",\"name\":\"Piqoli\",\"url\":\"https:\/\/piqoli.com\/\",\"logo\":{\"@type\":\"ImageObject\",\"inLanguage\":\"en-GB\",\"@id\":\"https:\/\/piqoli.com\/#\/schema\/logo\/image\/\",\"url\":\"https:\/\/i1.wp.com\/piqoli.com\/wp-content\/uploads\/2020\/09\/piqoli-logo-noir.png?fit=500%2C710&ssl=1\",\"contentUrl\":\"https:\/\/i1.wp.com\/piqoli.com\/wp-content\/uploads\/2020\/09\/piqoli-logo-noir.png?fit=500%2C710&ssl=1\",\"width\":500,\"height\":710,\"caption\":\"Piqoli\"},\"image\":{\"@id\":\"https:\/\/piqoli.com\/#\/schema\/logo\/image\/\"},\"sameAs\":[\"https:\/\/www.facebook.com\/piqoli\/\",\"https:\/\/www.instagram.com\/piqoli\/?hl=fr\"]}]}<\/script>\n<!-- \/ Yoast SEO plugin. -->","yoast_head_json":{"title":"V\u00e9nus bas relief - sculpture en ivoire unique &#8902; Piqoli","description":"Olivier Picquart cr\u00e9e des bijoux : bagues, colliers, boucles d'oreilles et des sculptures en ivoire de mammouth.","robots":{"index":"index","follow":"follow","max-snippet":"max-snippet:-1","max-image-preview":"max-image-preview:large","max-video-preview":"max-video-preview:-1"},"canonical":"https:\/\/piqoli.com\/en\/product\/venus-bas-relief\/","og_locale":"en_GB","og_type":"article","og_title":"V\u00e9nus bas relief - sculpture en ivoire unique &#8902; Piqoli","og_description":"Olivier Picquart cr\u00e9e des bijoux : bagues, colliers, boucles d'oreilles et des sculptures en ivoire de mammouth.","og_url":"https:\/\/piqoli.com\/en\/product\/venus-bas-relief\/","og_site_name":"Piqoli","article_publisher":"https:\/\/www.facebook.com\/piqoli\/","article_modified_time":"2022-11-18T12:03:56+00:00","og_image":[{"width":960,"height":960,"url":"https:\/\/piqoli.com\/wp-content\/uploads\/2020\/11\/venus-bas-relief-3.jpg","type":"image\/jpeg"}],"twitter_card":"summary_large_image","schema":{"@context":"https:\/\/schema.org","@graph":[{"@type":["WebPage","ItemPage"],"@id":"https:\/\/piqoli.com\/produit\/venus-bas-relief\/","url":"https:\/\/piqoli.com\/produit\/venus-bas-relief\/","name":"V\u00e9nus bas relief - sculpture en ivoire unique &#8902; Piqoli","isPartOf":{"@id":"https:\/\/piqoli.com\/#website"},"primaryImageOfPage":{"@id":"https:\/\/piqoli.com\/produit\/venus-bas-relief\/#primaryimage"},"image":{"@id":"https:\/\/piqoli.com\/produit\/venus-bas-relief\/#primaryimage"},"thumbnailUrl":"https:\/\/piqoli.com\/wp-content\/uploads\/2020\/11\/venus-bas-relief-3.jpg","datePublished":"2021-11-18T10:10:33+00:00","dateModified":"2022-11-18T12:03:56+00:00","description":"Olivier Picquart cr\u00e9e des bijoux : bagues, colliers, boucles d'oreilles et des sculptures en ivoire de mammouth.","breadcrumb":{"@id":"https:\/\/piqoli.com\/produit\/venus-bas-relief\/#breadcrumb"},"inLanguage":"en-GB","potentialAction":[{"@type":"ReadAction","target":["https:\/\/piqoli.com\/produit\/venus-bas-relief\/"]}]},{"@type":"ImageObject","inLanguage":"en-GB","@id":"https:\/\/piqoli.com\/produit\/venus-bas-relief\/#primaryimage","url":"https:\/\/piqoli.com\/wp-content\/uploads\/2020\/11\/venus-bas-relief-3.jpg","contentUrl":"https:\/\/piqoli.com\/wp-content\/uploads\/2020\/11\/venus-bas-relief-3.jpg","width":960,"height":960,"caption":"V\u00e9nus ivoire de mammouth bas relief Piqoli"},{"@type":"BreadcrumbList","@id":"https:\/\/piqoli.com\/produit\/venus-bas-relief\/#breadcrumb","itemListElement":[{"@type":"ListItem","position":1,"name":"Accueil","item":"https:\/\/piqoli.com\/"},{"@type":"ListItem","position":2,"name":"V\u00e9nus Idole"}]},{"@type":"WebSite","@id":"https:\/\/piqoli.com\/#website","url":"https:\/\/piqoli.com\/","name":"Piqoli","description":"Wooly mammoth ivory jewelry and sculptures","publisher":{"@id":"https:\/\/piqoli.com\/#organization"},"potentialAction":[{"@type":"SearchAction","target":{"@type":"EntryPoint","urlTemplate":"https:\/\/piqoli.com\/?s={search_term_string}"},"query-input":{"@type":"PropertyValueSpecification","valueRequired":true,"valueName":"search_term_string"}}],"inLanguage":"en-GB"},{"@type":"Organization","@id":"https:\/\/piqoli.com\/#organization","name":"Piqoli","url":"https:\/\/piqoli.com\/","logo":{"@type":"ImageObject","inLanguage":"en-GB","@id":"https:\/\/piqoli.com\/#\/schema\/logo\/image\/","url":"https:\/\/i1.wp.com\/piqoli.com\/wp-content\/uploads\/2020\/09\/piqoli-logo-noir.png?fit=500%2C710&ssl=1","contentUrl":"https:\/\/i1.wp.com\/piqoli.com\/wp-content\/uploads\/2020\/09\/piqoli-logo-noir.png?fit=500%2C710&ssl=1","width":500,"height":710,"caption":"Piqoli"},"image":{"@id":"https:\/\/piqoli.com\/#\/schema\/logo\/image\/"},"sameAs":["https:\/\/www.facebook.com\/piqoli\/","https:\/\/www.instagram.com\/piqoli\/?hl=fr"]}]}},"_links":{"self":[{"href":"https:\/\/piqoli.com\/en\/wp-json\/wp\/v2\/product\/382","targetHints":{"allow":["GET"]}}],"collection":[{"href":"https:\/\/piqoli.com\/en\/wp-json\/wp\/v2\/product"}],"about":[{"href":"https:\/\/piqoli.com\/en\/wp-json\/wp\/v2\/types\/product"}],"wp:featuredmedia":[{"embeddable":true,"href":"https:\/\/piqoli.com\/en\/wp-json\/wp\/v2\/media\/378"}],"wp:attachment":[{"href":"https:\/\/piqoli.com\/en\/wp-json\/wp\/v2\/media?parent=382"}],"wp:term":[{"taxonomy":"product_brand","embeddable":true,"href":"https:\/\/piqoli.com\/en\/wp-json\/wp\/v2\/product_brand?post=382"},{"taxonomy":"product_cat","embeddable":true,"href":"https:\/\/piqoli.com\/en\/wp-json\/wp\/v2\/product_cat?post=382"},{"taxonomy":"product_tag","embeddable":true,"href":"https:\/\/piqoli.com\/en\/wp-json\/wp\/v2\/product_tag?post=382"}],"curies":[{"name":"wp","href":"https:\/\/api.w.org\/{rel}","templated":true}]}}