{"id":455,"date":"2021-11-18T10:40:36","date_gmt":"2021-11-18T09:40:36","guid":{"rendered":"https:\/\/piqoli.com\/?post_type=product&#038;p=455"},"modified":"2022-11-18T13:06:50","modified_gmt":"2022-11-18T12:06:50","slug":"netsuke-damour","status":"publish","type":"product","link":"https:\/\/piqoli.com\/en\/product\/netsuke-damour\/","title":{"rendered":"Netsuke d&rsquo;amour"},"content":{"rendered":"<p>This piece, created by <a href=\"https:\/\/piqoli.com\/en\/?page_id=30\">Olivier Picquart<\/a> is unique. <span class=\"d2edcug0 hpfvmrgz qv66sw1b c1et5uql rrkovp55 a8c37x1j keod5gw0 nxhoafnm aigsh9s9 d3f4x2em fe6kdd0r mau55g9w c8b282yb iv3no6db jq4qci2q a3bd9o3v knj5qynh oo9gr5id\" dir=\"auto\">Our mammoth ivory is legal, you will be given a certificate of authenticity.<\/span><\/p>\n<p><em>Tax included. Shipping and insurance charges are calculated automatically at the time of ordering based on the delivery address and the amount of the basket.\u00a0<\/em><\/p>","protected":false},"excerpt":{"rendered":"<p>Ivoire de mammouth de Sib\u00e9rie et scrimshaw (gravure manuelle \u00e0 la pointe m\u00e9tallique, r\u00e9v\u00e9l\u00e9e \u00e0 l&rsquo;encre de chine). Une fissure naturelle est pr\u00e9sente mais discr\u00e8te et sans incidence.<\/p>\n<p>Dimensions : 50 x 25 x 25 mm.<\/p>\n<p>Cordon noir tress\u00e9 de 3 mm et petit coulisseau en ivoire de mammouth.<\/p>","protected":false},"featured_media":405,"template":"","meta":[],"product_brand":[],"product_cat":[17],"product_tag":[],"class_list":{"0":"post-455","1":"product","2":"type-product","3":"status-publish","4":"has-post-thumbnail","6":"product_cat-sculptures","8":"first","9":"instock","10":"sold-individually","11":"shipping-taxable","12":"purchasable","13":"product-type-simple"},"yoast_head":"<!-- This site is optimized with the Yoast SEO plugin v26.7 - https:\/\/yoast.com\/wordpress\/plugins\/seo\/ -->\n<title>Netsuke d&#039;amour &#8902; Piqoli<\/title>\n<meta name=\"description\" content=\"Olivier Picquart cr\u00e9e des bijoux : bagues, colliers, boucles d&#039;oreilles et des sculptures en ivoire de mammouth.\" \/>\n<meta name=\"robots\" content=\"index, follow, max-snippet:-1, max-image-preview:large, max-video-preview:-1\" \/>\n<link rel=\"canonical\" href=\"https:\/\/piqoli.com\/en\/product\/netsuke-damour\/\" \/>\n<meta property=\"og:locale\" content=\"en_GB\" \/>\n<meta property=\"og:type\" content=\"article\" \/>\n<meta property=\"og:title\" content=\"Netsuke d&#039;amour &#8902; Piqoli\" \/>\n<meta property=\"og:description\" content=\"Olivier Picquart cr\u00e9e des bijoux : bagues, colliers, boucles d&#039;oreilles et des sculptures en ivoire de mammouth.\" \/>\n<meta property=\"og:url\" content=\"https:\/\/piqoli.com\/en\/product\/netsuke-damour\/\" \/>\n<meta property=\"og:site_name\" content=\"Piqoli\" \/>\n<meta property=\"article:publisher\" content=\"https:\/\/www.facebook.com\/piqoli\/\" \/>\n<meta property=\"article:modified_time\" content=\"2022-11-18T12:06:50+00:00\" \/>\n<meta property=\"og:image\" content=\"https:\/\/piqoli.com\/wp-content\/uploads\/2020\/11\/Netzuke-nesuke-nezouke-netzuke-abstract-netsuke-2-scaled-e1605636758590.jpg\" \/>\n\t<meta property=\"og:image:width\" content=\"1000\" \/>\n\t<meta property=\"og:image:height\" content=\"1000\" \/>\n\t<meta property=\"og:image:type\" content=\"image\/jpeg\" \/>\n<meta name=\"twitter:card\" content=\"summary_large_image\" \/>\n<script type=\"application\/ld+json\" class=\"yoast-schema-graph\">{\"@context\":\"https:\/\/schema.org\",\"@graph\":[{\"@type\":[\"WebPage\",\"ItemPage\"],\"@id\":\"https:\/\/piqoli.com\/produit\/netsuke-damour\/\",\"url\":\"https:\/\/piqoli.com\/produit\/netsuke-damour\/\",\"name\":\"Netsuke d'amour &#8902; Piqoli\",\"isPartOf\":{\"@id\":\"https:\/\/piqoli.com\/#website\"},\"primaryImageOfPage\":{\"@id\":\"https:\/\/piqoli.com\/produit\/netsuke-damour\/#primaryimage\"},\"image\":{\"@id\":\"https:\/\/piqoli.com\/produit\/netsuke-damour\/#primaryimage\"},\"thumbnailUrl\":\"https:\/\/piqoli.com\/wp-content\/uploads\/2020\/11\/Netzuke-nesuke-nezouke-netzuke-abstract-netsuke-2-scaled-e1605636758590.jpg\",\"datePublished\":\"2021-11-18T09:40:36+00:00\",\"dateModified\":\"2022-11-18T12:06:50+00:00\",\"description\":\"Olivier Picquart cr\u00e9e des bijoux : bagues, colliers, boucles d'oreilles et des sculptures en ivoire de mammouth.\",\"breadcrumb\":{\"@id\":\"https:\/\/piqoli.com\/produit\/netsuke-damour\/#breadcrumb\"},\"inLanguage\":\"en-GB\",\"potentialAction\":[{\"@type\":\"ReadAction\",\"target\":[\"https:\/\/piqoli.com\/produit\/netsuke-damour\/\"]}]},{\"@type\":\"ImageObject\",\"inLanguage\":\"en-GB\",\"@id\":\"https:\/\/piqoli.com\/produit\/netsuke-damour\/#primaryimage\",\"url\":\"https:\/\/piqoli.com\/wp-content\/uploads\/2020\/11\/Netzuke-nesuke-nezouke-netzuke-abstract-netsuke-2-scaled-e1605636758590.jpg\",\"contentUrl\":\"https:\/\/piqoli.com\/wp-content\/uploads\/2020\/11\/Netzuke-nesuke-nezouke-netzuke-abstract-netsuke-2-scaled-e1605636758590.jpg\",\"width\":1000,\"height\":1000,\"caption\":\"Netzuk\u00e9 ivoire de mammouth de Sib\u00e9rie et scrimshaw\"},{\"@type\":\"BreadcrumbList\",\"@id\":\"https:\/\/piqoli.com\/produit\/netsuke-damour\/#breadcrumb\",\"itemListElement\":[{\"@type\":\"ListItem\",\"position\":1,\"name\":\"Accueil\",\"item\":\"https:\/\/piqoli.com\/\"},{\"@type\":\"ListItem\",\"position\":2,\"name\":\"Netsuke d&rsquo;amour\"}]},{\"@type\":\"WebSite\",\"@id\":\"https:\/\/piqoli.com\/#website\",\"url\":\"https:\/\/piqoli.com\/\",\"name\":\"Piqoli\",\"description\":\"Bijoux et sculptures en ivoire de mammouth\",\"publisher\":{\"@id\":\"https:\/\/piqoli.com\/#organization\"},\"potentialAction\":[{\"@type\":\"SearchAction\",\"target\":{\"@type\":\"EntryPoint\",\"urlTemplate\":\"https:\/\/piqoli.com\/?s={search_term_string}\"},\"query-input\":{\"@type\":\"PropertyValueSpecification\",\"valueRequired\":true,\"valueName\":\"search_term_string\"}}],\"inLanguage\":\"en-GB\"},{\"@type\":\"Organization\",\"@id\":\"https:\/\/piqoli.com\/#organization\",\"name\":\"Piqoli\",\"url\":\"https:\/\/piqoli.com\/\",\"logo\":{\"@type\":\"ImageObject\",\"inLanguage\":\"en-GB\",\"@id\":\"https:\/\/piqoli.com\/#\/schema\/logo\/image\/\",\"url\":\"https:\/\/i1.wp.com\/piqoli.com\/wp-content\/uploads\/2020\/09\/piqoli-logo-noir.png?fit=500%2C710&ssl=1\",\"contentUrl\":\"https:\/\/i1.wp.com\/piqoli.com\/wp-content\/uploads\/2020\/09\/piqoli-logo-noir.png?fit=500%2C710&ssl=1\",\"width\":500,\"height\":710,\"caption\":\"Piqoli\"},\"image\":{\"@id\":\"https:\/\/piqoli.com\/#\/schema\/logo\/image\/\"},\"sameAs\":[\"https:\/\/www.facebook.com\/piqoli\/\",\"https:\/\/www.instagram.com\/piqoli\/?hl=fr\"]}]}<\/script>\n<!-- \/ Yoast SEO plugin. -->","yoast_head_json":{"title":"Netsuke d'amour &#8902; Piqoli","description":"Olivier Picquart cr\u00e9e des bijoux : bagues, colliers, boucles d'oreilles et des sculptures en ivoire de mammouth.","robots":{"index":"index","follow":"follow","max-snippet":"max-snippet:-1","max-image-preview":"max-image-preview:large","max-video-preview":"max-video-preview:-1"},"canonical":"https:\/\/piqoli.com\/en\/product\/netsuke-damour\/","og_locale":"en_GB","og_type":"article","og_title":"Netsuke d'amour &#8902; Piqoli","og_description":"Olivier Picquart cr\u00e9e des bijoux : bagues, colliers, boucles d'oreilles et des sculptures en ivoire de mammouth.","og_url":"https:\/\/piqoli.com\/en\/product\/netsuke-damour\/","og_site_name":"Piqoli","article_publisher":"https:\/\/www.facebook.com\/piqoli\/","article_modified_time":"2022-11-18T12:06:50+00:00","og_image":[{"width":1000,"height":1000,"url":"https:\/\/piqoli.com\/wp-content\/uploads\/2020\/11\/Netzuke-nesuke-nezouke-netzuke-abstract-netsuke-2-scaled-e1605636758590.jpg","type":"image\/jpeg"}],"twitter_card":"summary_large_image","schema":{"@context":"https:\/\/schema.org","@graph":[{"@type":["WebPage","ItemPage"],"@id":"https:\/\/piqoli.com\/produit\/netsuke-damour\/","url":"https:\/\/piqoli.com\/produit\/netsuke-damour\/","name":"Netsuke d'amour &#8902; Piqoli","isPartOf":{"@id":"https:\/\/piqoli.com\/#website"},"primaryImageOfPage":{"@id":"https:\/\/piqoli.com\/produit\/netsuke-damour\/#primaryimage"},"image":{"@id":"https:\/\/piqoli.com\/produit\/netsuke-damour\/#primaryimage"},"thumbnailUrl":"https:\/\/piqoli.com\/wp-content\/uploads\/2020\/11\/Netzuke-nesuke-nezouke-netzuke-abstract-netsuke-2-scaled-e1605636758590.jpg","datePublished":"2021-11-18T09:40:36+00:00","dateModified":"2022-11-18T12:06:50+00:00","description":"Olivier Picquart cr\u00e9e des bijoux : bagues, colliers, boucles d'oreilles et des sculptures en ivoire de mammouth.","breadcrumb":{"@id":"https:\/\/piqoli.com\/produit\/netsuke-damour\/#breadcrumb"},"inLanguage":"en-GB","potentialAction":[{"@type":"ReadAction","target":["https:\/\/piqoli.com\/produit\/netsuke-damour\/"]}]},{"@type":"ImageObject","inLanguage":"en-GB","@id":"https:\/\/piqoli.com\/produit\/netsuke-damour\/#primaryimage","url":"https:\/\/piqoli.com\/wp-content\/uploads\/2020\/11\/Netzuke-nesuke-nezouke-netzuke-abstract-netsuke-2-scaled-e1605636758590.jpg","contentUrl":"https:\/\/piqoli.com\/wp-content\/uploads\/2020\/11\/Netzuke-nesuke-nezouke-netzuke-abstract-netsuke-2-scaled-e1605636758590.jpg","width":1000,"height":1000,"caption":"Netzuk\u00e9 ivoire de mammouth de Sib\u00e9rie et scrimshaw"},{"@type":"BreadcrumbList","@id":"https:\/\/piqoli.com\/produit\/netsuke-damour\/#breadcrumb","itemListElement":[{"@type":"ListItem","position":1,"name":"Accueil","item":"https:\/\/piqoli.com\/"},{"@type":"ListItem","position":2,"name":"Netsuke d&rsquo;amour"}]},{"@type":"WebSite","@id":"https:\/\/piqoli.com\/#website","url":"https:\/\/piqoli.com\/","name":"Piqoli","description":"Wooly mammoth ivory jewelry and sculptures","publisher":{"@id":"https:\/\/piqoli.com\/#organization"},"potentialAction":[{"@type":"SearchAction","target":{"@type":"EntryPoint","urlTemplate":"https:\/\/piqoli.com\/?s={search_term_string}"},"query-input":{"@type":"PropertyValueSpecification","valueRequired":true,"valueName":"search_term_string"}}],"inLanguage":"en-GB"},{"@type":"Organization","@id":"https:\/\/piqoli.com\/#organization","name":"Piqoli","url":"https:\/\/piqoli.com\/","logo":{"@type":"ImageObject","inLanguage":"en-GB","@id":"https:\/\/piqoli.com\/#\/schema\/logo\/image\/","url":"https:\/\/i1.wp.com\/piqoli.com\/wp-content\/uploads\/2020\/09\/piqoli-logo-noir.png?fit=500%2C710&ssl=1","contentUrl":"https:\/\/i1.wp.com\/piqoli.com\/wp-content\/uploads\/2020\/09\/piqoli-logo-noir.png?fit=500%2C710&ssl=1","width":500,"height":710,"caption":"Piqoli"},"image":{"@id":"https:\/\/piqoli.com\/#\/schema\/logo\/image\/"},"sameAs":["https:\/\/www.facebook.com\/piqoli\/","https:\/\/www.instagram.com\/piqoli\/?hl=fr"]}]}},"_links":{"self":[{"href":"https:\/\/piqoli.com\/en\/wp-json\/wp\/v2\/product\/455","targetHints":{"allow":["GET"]}}],"collection":[{"href":"https:\/\/piqoli.com\/en\/wp-json\/wp\/v2\/product"}],"about":[{"href":"https:\/\/piqoli.com\/en\/wp-json\/wp\/v2\/types\/product"}],"wp:featuredmedia":[{"embeddable":true,"href":"https:\/\/piqoli.com\/en\/wp-json\/wp\/v2\/media\/405"}],"wp:attachment":[{"href":"https:\/\/piqoli.com\/en\/wp-json\/wp\/v2\/media?parent=455"}],"wp:term":[{"taxonomy":"product_brand","embeddable":true,"href":"https:\/\/piqoli.com\/en\/wp-json\/wp\/v2\/product_brand?post=455"},{"taxonomy":"product_cat","embeddable":true,"href":"https:\/\/piqoli.com\/en\/wp-json\/wp\/v2\/product_cat?post=455"},{"taxonomy":"product_tag","embeddable":true,"href":"https:\/\/piqoli.com\/en\/wp-json\/wp\/v2\/product_tag?post=455"}],"curies":[{"name":"wp","href":"https:\/\/api.w.org\/{rel}","templated":true}]}}