{"id":545,"date":"2021-11-22T14:00:32","date_gmt":"2021-11-22T13:00:32","guid":{"rendered":"https:\/\/piqoli.com\/?post_type=product&#038;p=545"},"modified":"2025-11-24T18:10:41","modified_gmt":"2025-11-24T17:10:41","slug":"persiennes","status":"publish","type":"product","link":"https:\/\/piqoli.com\/en\/product\/persiennes\/","title":{"rendered":"Terrestres II"},"content":{"rendered":"<p>This piece, created by <a href=\"https:\/\/piqoli.com\/en\/?page_id=30\">Olivier Picquart<\/a> is unique.<\/p>\n<p><span class=\"d2edcug0 hpfvmrgz qv66sw1b c1et5uql rrkovp55 a8c37x1j keod5gw0 nxhoafnm aigsh9s9 d3f4x2em fe6kdd0r mau55g9w c8b282yb iv3no6db jq4qci2q a3bd9o3v knj5qynh oo9gr5id\" dir=\"auto\">Our mammoth ivory is legal, you will be given a certificate of authenticity.<\/span><\/p>\n<p><em>Tax included. Shipping and insurance charges are calculated automatically at the time of ordering based on the delivery address and the amount of the basket.\u00a0<\/em><\/p>","protected":false},"excerpt":{"rendered":"<p>Boucles d&rsquo;oreilles en \u00e9corce brune d&rsquo;ivoire de mammouth de Sib\u00e9rie, color\u00e9e naturellement par le fer pr\u00e9sent dans le permafrost.<br \/>\nMontures en argent 925\/1000.<\/p>\n<p>Dimensions : 14 x 13 x 4 mm.<\/p>\n<p><em>Couleurs et textures naturelles !<\/em><\/p>","protected":false},"featured_media":6272,"template":"","meta":[],"product_brand":[],"product_cat":[32],"product_tag":[],"class_list":{"0":"post-545","1":"product","2":"type-product","3":"status-publish","4":"has-post-thumbnail","6":"product_cat-boucles-doreilles","8":"first","9":"instock","10":"sold-individually","11":"shipping-taxable","12":"purchasable","13":"product-type-simple"},"yoast_head":"<!-- This site is optimized with the Yoast SEO plugin v26.7 - https:\/\/yoast.com\/wordpress\/plugins\/seo\/ -->\n<title>Terrestres II &#8902; Boucles d&#039;oreilles en ivoire de mammouth &#8902; Piqoli<\/title>\n<meta name=\"description\" content=\"Boucles d&#039;oreilles en \u00e9corce brune d&#039;ivoire de mammouth de Sib\u00e9rie, color\u00e9e naturellement par le fer pr\u00e9sent dans le permafrost.\" \/>\n<meta name=\"robots\" content=\"index, follow, max-snippet:-1, max-image-preview:large, max-video-preview:-1\" \/>\n<link rel=\"canonical\" href=\"https:\/\/piqoli.com\/en\/product\/persiennes\/\" \/>\n<meta property=\"og:locale\" content=\"en_GB\" \/>\n<meta property=\"og:type\" content=\"article\" \/>\n<meta property=\"og:title\" content=\"Terrestres II &#8902; Boucles d&#039;oreilles en ivoire de mammouth &#8902; Piqoli\" \/>\n<meta property=\"og:description\" content=\"Boucles d&#039;oreilles en \u00e9corce brune d&#039;ivoire de mammouth de Sib\u00e9rie, color\u00e9e naturellement par le fer pr\u00e9sent dans le permafrost.\" \/>\n<meta property=\"og:url\" content=\"https:\/\/piqoli.com\/en\/product\/persiennes\/\" \/>\n<meta property=\"og:site_name\" content=\"Piqoli\" \/>\n<meta property=\"article:publisher\" content=\"https:\/\/www.facebook.com\/piqoli\/\" \/>\n<meta property=\"article:modified_time\" content=\"2025-11-24T17:10:41+00:00\" \/>\n<meta property=\"og:image\" content=\"https:\/\/piqoli.com\/wp-content\/uploads\/2025\/11\/32-Terrestres-II-1-scaled-e1764003784338.jpg\" \/>\n\t<meta property=\"og:image:width\" content=\"1000\" \/>\n\t<meta property=\"og:image:height\" content=\"1000\" \/>\n\t<meta property=\"og:image:type\" content=\"image\/jpeg\" \/>\n<meta name=\"twitter:card\" content=\"summary_large_image\" \/>\n<meta name=\"twitter:label1\" content=\"Estimated reading time\" \/>\n\t<meta name=\"twitter:data1\" content=\"1 minute\" \/>\n<script type=\"application\/ld+json\" class=\"yoast-schema-graph\">{\"@context\":\"https:\/\/schema.org\",\"@graph\":[{\"@type\":[\"WebPage\",\"ItemPage\"],\"@id\":\"https:\/\/piqoli.com\/produit\/persiennes\/\",\"url\":\"https:\/\/piqoli.com\/produit\/persiennes\/\",\"name\":\"Terrestres II &#8902; Boucles d'oreilles en ivoire de mammouth &#8902; Piqoli\",\"isPartOf\":{\"@id\":\"https:\/\/piqoli.com\/#website\"},\"primaryImageOfPage\":{\"@id\":\"https:\/\/piqoli.com\/produit\/persiennes\/#primaryimage\"},\"image\":{\"@id\":\"https:\/\/piqoli.com\/produit\/persiennes\/#primaryimage\"},\"thumbnailUrl\":\"https:\/\/piqoli.com\/wp-content\/uploads\/2025\/11\/32-Terrestres-II-1-scaled-e1764003784338.jpg\",\"datePublished\":\"2021-11-22T13:00:32+00:00\",\"dateModified\":\"2025-11-24T17:10:41+00:00\",\"description\":\"Boucles d'oreilles en \u00e9corce brune d'ivoire de mammouth de Sib\u00e9rie, color\u00e9e naturellement par le fer pr\u00e9sent dans le permafrost.\",\"breadcrumb\":{\"@id\":\"https:\/\/piqoli.com\/produit\/persiennes\/#breadcrumb\"},\"inLanguage\":\"en-GB\",\"potentialAction\":[{\"@type\":\"ReadAction\",\"target\":[\"https:\/\/piqoli.com\/produit\/persiennes\/\"]}]},{\"@type\":\"ImageObject\",\"inLanguage\":\"en-GB\",\"@id\":\"https:\/\/piqoli.com\/produit\/persiennes\/#primaryimage\",\"url\":\"https:\/\/piqoli.com\/wp-content\/uploads\/2025\/11\/32-Terrestres-II-1-scaled-e1764003784338.jpg\",\"contentUrl\":\"https:\/\/piqoli.com\/wp-content\/uploads\/2025\/11\/32-Terrestres-II-1-scaled-e1764003784338.jpg\",\"width\":1000,\"height\":1000,\"caption\":\"Boucles d'oreilles en \u00e9corce brune de d\u00e9fense de mammouth\"},{\"@type\":\"BreadcrumbList\",\"@id\":\"https:\/\/piqoli.com\/produit\/persiennes\/#breadcrumb\",\"itemListElement\":[{\"@type\":\"ListItem\",\"position\":1,\"name\":\"Accueil\",\"item\":\"https:\/\/piqoli.com\/\"},{\"@type\":\"ListItem\",\"position\":2,\"name\":\"Terrestres II\"}]},{\"@type\":\"WebSite\",\"@id\":\"https:\/\/piqoli.com\/#website\",\"url\":\"https:\/\/piqoli.com\/\",\"name\":\"Piqoli\",\"description\":\"Bijoux et sculptures en ivoire de mammouth\",\"publisher\":{\"@id\":\"https:\/\/piqoli.com\/#organization\"},\"potentialAction\":[{\"@type\":\"SearchAction\",\"target\":{\"@type\":\"EntryPoint\",\"urlTemplate\":\"https:\/\/piqoli.com\/?s={search_term_string}\"},\"query-input\":{\"@type\":\"PropertyValueSpecification\",\"valueRequired\":true,\"valueName\":\"search_term_string\"}}],\"inLanguage\":\"en-GB\"},{\"@type\":\"Organization\",\"@id\":\"https:\/\/piqoli.com\/#organization\",\"name\":\"Piqoli\",\"url\":\"https:\/\/piqoli.com\/\",\"logo\":{\"@type\":\"ImageObject\",\"inLanguage\":\"en-GB\",\"@id\":\"https:\/\/piqoli.com\/#\/schema\/logo\/image\/\",\"url\":\"https:\/\/i1.wp.com\/piqoli.com\/wp-content\/uploads\/2020\/09\/piqoli-logo-noir.png?fit=500%2C710&ssl=1\",\"contentUrl\":\"https:\/\/i1.wp.com\/piqoli.com\/wp-content\/uploads\/2020\/09\/piqoli-logo-noir.png?fit=500%2C710&ssl=1\",\"width\":500,\"height\":710,\"caption\":\"Piqoli\"},\"image\":{\"@id\":\"https:\/\/piqoli.com\/#\/schema\/logo\/image\/\"},\"sameAs\":[\"https:\/\/www.facebook.com\/piqoli\/\",\"https:\/\/www.instagram.com\/piqoli\/?hl=fr\"]}]}<\/script>\n<!-- \/ Yoast SEO plugin. -->","yoast_head_json":{"title":"Terrestres II &#8902; Boucles d'oreilles en ivoire de mammouth &#8902; Piqoli","description":"Boucles d'oreilles en \u00e9corce brune d'ivoire de mammouth de Sib\u00e9rie, color\u00e9e naturellement par le fer pr\u00e9sent dans le permafrost.","robots":{"index":"index","follow":"follow","max-snippet":"max-snippet:-1","max-image-preview":"max-image-preview:large","max-video-preview":"max-video-preview:-1"},"canonical":"https:\/\/piqoli.com\/en\/product\/persiennes\/","og_locale":"en_GB","og_type":"article","og_title":"Terrestres II &#8902; Boucles d'oreilles en ivoire de mammouth &#8902; Piqoli","og_description":"Boucles d'oreilles en \u00e9corce brune d'ivoire de mammouth de Sib\u00e9rie, color\u00e9e naturellement par le fer pr\u00e9sent dans le permafrost.","og_url":"https:\/\/piqoli.com\/en\/product\/persiennes\/","og_site_name":"Piqoli","article_publisher":"https:\/\/www.facebook.com\/piqoli\/","article_modified_time":"2025-11-24T17:10:41+00:00","og_image":[{"width":1000,"height":1000,"url":"https:\/\/piqoli.com\/wp-content\/uploads\/2025\/11\/32-Terrestres-II-1-scaled-e1764003784338.jpg","type":"image\/jpeg"}],"twitter_card":"summary_large_image","twitter_misc":{"Estimated reading time":"1 minute"},"schema":{"@context":"https:\/\/schema.org","@graph":[{"@type":["WebPage","ItemPage"],"@id":"https:\/\/piqoli.com\/produit\/persiennes\/","url":"https:\/\/piqoli.com\/produit\/persiennes\/","name":"Terrestres II &#8902; Boucles d'oreilles en ivoire de mammouth &#8902; Piqoli","isPartOf":{"@id":"https:\/\/piqoli.com\/#website"},"primaryImageOfPage":{"@id":"https:\/\/piqoli.com\/produit\/persiennes\/#primaryimage"},"image":{"@id":"https:\/\/piqoli.com\/produit\/persiennes\/#primaryimage"},"thumbnailUrl":"https:\/\/piqoli.com\/wp-content\/uploads\/2025\/11\/32-Terrestres-II-1-scaled-e1764003784338.jpg","datePublished":"2021-11-22T13:00:32+00:00","dateModified":"2025-11-24T17:10:41+00:00","description":"Boucles d'oreilles en \u00e9corce brune d'ivoire de mammouth de Sib\u00e9rie, color\u00e9e naturellement par le fer pr\u00e9sent dans le permafrost.","breadcrumb":{"@id":"https:\/\/piqoli.com\/produit\/persiennes\/#breadcrumb"},"inLanguage":"en-GB","potentialAction":[{"@type":"ReadAction","target":["https:\/\/piqoli.com\/produit\/persiennes\/"]}]},{"@type":"ImageObject","inLanguage":"en-GB","@id":"https:\/\/piqoli.com\/produit\/persiennes\/#primaryimage","url":"https:\/\/piqoli.com\/wp-content\/uploads\/2025\/11\/32-Terrestres-II-1-scaled-e1764003784338.jpg","contentUrl":"https:\/\/piqoli.com\/wp-content\/uploads\/2025\/11\/32-Terrestres-II-1-scaled-e1764003784338.jpg","width":1000,"height":1000,"caption":"Boucles d'oreilles en \u00e9corce brune de d\u00e9fense de mammouth"},{"@type":"BreadcrumbList","@id":"https:\/\/piqoli.com\/produit\/persiennes\/#breadcrumb","itemListElement":[{"@type":"ListItem","position":1,"name":"Accueil","item":"https:\/\/piqoli.com\/"},{"@type":"ListItem","position":2,"name":"Terrestres II"}]},{"@type":"WebSite","@id":"https:\/\/piqoli.com\/#website","url":"https:\/\/piqoli.com\/","name":"Piqoli","description":"Wooly mammoth ivory jewelry and sculptures","publisher":{"@id":"https:\/\/piqoli.com\/#organization"},"potentialAction":[{"@type":"SearchAction","target":{"@type":"EntryPoint","urlTemplate":"https:\/\/piqoli.com\/?s={search_term_string}"},"query-input":{"@type":"PropertyValueSpecification","valueRequired":true,"valueName":"search_term_string"}}],"inLanguage":"en-GB"},{"@type":"Organization","@id":"https:\/\/piqoli.com\/#organization","name":"Piqoli","url":"https:\/\/piqoli.com\/","logo":{"@type":"ImageObject","inLanguage":"en-GB","@id":"https:\/\/piqoli.com\/#\/schema\/logo\/image\/","url":"https:\/\/i1.wp.com\/piqoli.com\/wp-content\/uploads\/2020\/09\/piqoli-logo-noir.png?fit=500%2C710&ssl=1","contentUrl":"https:\/\/i1.wp.com\/piqoli.com\/wp-content\/uploads\/2020\/09\/piqoli-logo-noir.png?fit=500%2C710&ssl=1","width":500,"height":710,"caption":"Piqoli"},"image":{"@id":"https:\/\/piqoli.com\/#\/schema\/logo\/image\/"},"sameAs":["https:\/\/www.facebook.com\/piqoli\/","https:\/\/www.instagram.com\/piqoli\/?hl=fr"]}]}},"_links":{"self":[{"href":"https:\/\/piqoli.com\/en\/wp-json\/wp\/v2\/product\/545","targetHints":{"allow":["GET"]}}],"collection":[{"href":"https:\/\/piqoli.com\/en\/wp-json\/wp\/v2\/product"}],"about":[{"href":"https:\/\/piqoli.com\/en\/wp-json\/wp\/v2\/types\/product"}],"wp:featuredmedia":[{"embeddable":true,"href":"https:\/\/piqoli.com\/en\/wp-json\/wp\/v2\/media\/6272"}],"wp:attachment":[{"href":"https:\/\/piqoli.com\/en\/wp-json\/wp\/v2\/media?parent=545"}],"wp:term":[{"taxonomy":"product_brand","embeddable":true,"href":"https:\/\/piqoli.com\/en\/wp-json\/wp\/v2\/product_brand?post=545"},{"taxonomy":"product_cat","embeddable":true,"href":"https:\/\/piqoli.com\/en\/wp-json\/wp\/v2\/product_cat?post=545"},{"taxonomy":"product_tag","embeddable":true,"href":"https:\/\/piqoli.com\/en\/wp-json\/wp\/v2\/product_tag?post=545"}],"curies":[{"name":"wp","href":"https:\/\/api.w.org\/{rel}","templated":true}]}}