{"id":978,"date":"2024-11-01T10:02:08","date_gmt":"2024-11-01T09:02:08","guid":{"rendered":"https:\/\/piqoli.com\/?post_type=product&#038;p=978"},"modified":"2024-11-23T19:13:01","modified_gmt":"2024-11-23T18:13:01","slug":"stomach-bead","status":"publish","type":"product","link":"https:\/\/piqoli.com\/en\/product\/stomach-bead\/","title":{"rendered":"Perle du Roc aux Sorciers"},"content":{"rendered":"<p>This piece, created by <a href=\"https:\/\/piqoli.com\/en\/?page_id=30\">Olivier Picquart<\/a> is unique.<\/p>\n<p><span class=\"d2edcug0 hpfvmrgz qv66sw1b c1et5uql rrkovp55 a8c37x1j keod5gw0 nxhoafnm aigsh9s9 d3f4x2em fe6kdd0r mau55g9w c8b282yb iv3no6db jq4qci2q a3bd9o3v knj5qynh oo9gr5id\" dir=\"auto\">Our mammoth ivory is legal, you will be given a certificate of authenticity.<\/span><\/p>\n<p>No varnish; only polishing.<\/p>\n<p><em>Tax included. Shipping and insurance charges are calculated automatically at the time of ordering based on the delivery address and the amount of the basket.<\/em><\/p>","protected":false},"excerpt":{"rendered":"<p>Reproduction de perles cr\u00e9\u00e9s il y a 14.000 ans en ivoire de mammouth, retrouv\u00e9es au Roc-aux-Sorciers. Ici ivoire de mammouth de Sib\u00e9rie. Dimensions: 3.3 x 2.6 x2 cm.<\/p>\n<p>Mont\u00e9 su cordon de coton cir\u00e9 noir de diam\u00e8tre 2mm. Petite perle coulissante \u00e0 l&rsquo;arri\u00e8re du cou permettant de r\u00e9gler la hauteur du pendentif.<\/p>\n<p>&nbsp;<\/p>","protected":false},"featured_media":3838,"template":"","meta":[],"product_brand":[],"product_cat":[34,35],"product_tag":[],"class_list":{"0":"post-978","1":"product","2":"type-product","3":"status-publish","4":"has-post-thumbnail","6":"product_cat-collier","7":"product_cat-prehistoire","9":"first","10":"outofstock","11":"sold-individually","12":"shipping-taxable","13":"purchasable","14":"product-type-simple"},"yoast_head":"<!-- This site is optimized with the Yoast SEO plugin v26.7 - https:\/\/yoast.com\/wordpress\/plugins\/seo\/ -->\n<title>Perle du Roc aux Sorciers &#8902; Stomach bead &#8902; Piqoli<\/title>\n<meta name=\"description\" content=\"Reproduction de perles cr\u00e9\u00e9s il y a 14.000 ans en ivoire de mammouth, retrouv\u00e9es au Roc-aux-Sorciers. Ivoire de mammouth de Sib\u00e9rie.\" \/>\n<meta name=\"robots\" content=\"index, follow, max-snippet:-1, max-image-preview:large, max-video-preview:-1\" \/>\n<link rel=\"canonical\" href=\"https:\/\/piqoli.com\/en\/product\/stomach-bead\/\" \/>\n<meta property=\"og:locale\" content=\"en_GB\" \/>\n<meta property=\"og:type\" content=\"article\" \/>\n<meta property=\"og:title\" content=\"Perle du Roc aux Sorciers &#8902; Stomach bead &#8902; Piqoli\" \/>\n<meta property=\"og:description\" content=\"Reproduction de perles cr\u00e9\u00e9s il y a 14.000 ans en ivoire de mammouth, retrouv\u00e9es au Roc-aux-Sorciers. Ivoire de mammouth de Sib\u00e9rie.\" \/>\n<meta property=\"og:url\" content=\"https:\/\/piqoli.com\/en\/product\/stomach-bead\/\" \/>\n<meta property=\"og:site_name\" content=\"Piqoli\" \/>\n<meta property=\"article:publisher\" content=\"https:\/\/www.facebook.com\/piqoli\/\" \/>\n<meta property=\"article:modified_time\" content=\"2024-11-23T18:13:01+00:00\" \/>\n<meta property=\"og:image\" content=\"https:\/\/piqoli.com\/wp-content\/uploads\/2023\/11\/Stomach-Bead-6-scaled-e1700127847308.jpg\" \/>\n\t<meta property=\"og:image:width\" content=\"1000\" \/>\n\t<meta property=\"og:image:height\" content=\"1000\" \/>\n\t<meta property=\"og:image:type\" content=\"image\/jpeg\" \/>\n<meta name=\"twitter:card\" content=\"summary_large_image\" \/>\n<meta name=\"twitter:label1\" content=\"Estimated reading time\" \/>\n\t<meta name=\"twitter:data1\" content=\"1 minute\" \/>\n<script type=\"application\/ld+json\" class=\"yoast-schema-graph\">{\"@context\":\"https:\/\/schema.org\",\"@graph\":[{\"@type\":[\"WebPage\",\"ItemPage\"],\"@id\":\"https:\/\/piqoli.com\/produit\/stomach-bead\/\",\"url\":\"https:\/\/piqoli.com\/produit\/stomach-bead\/\",\"name\":\"Perle du Roc aux Sorciers &#8902; Stomach bead &#8902; Piqoli\",\"isPartOf\":{\"@id\":\"https:\/\/piqoli.com\/#website\"},\"primaryImageOfPage\":{\"@id\":\"https:\/\/piqoli.com\/produit\/stomach-bead\/#primaryimage\"},\"image\":{\"@id\":\"https:\/\/piqoli.com\/produit\/stomach-bead\/#primaryimage\"},\"thumbnailUrl\":\"https:\/\/piqoli.com\/wp-content\/uploads\/2023\/11\/Stomach-Bead-6-scaled-e1700127847308.jpg\",\"datePublished\":\"2024-11-01T09:02:08+00:00\",\"dateModified\":\"2024-11-23T18:13:01+00:00\",\"description\":\"Reproduction de perles cr\u00e9\u00e9s il y a 14.000 ans en ivoire de mammouth, retrouv\u00e9es au Roc-aux-Sorciers. Ivoire de mammouth de Sib\u00e9rie.\",\"breadcrumb\":{\"@id\":\"https:\/\/piqoli.com\/produit\/stomach-bead\/#breadcrumb\"},\"inLanguage\":\"en-GB\",\"potentialAction\":[{\"@type\":\"ReadAction\",\"target\":[\"https:\/\/piqoli.com\/produit\/stomach-bead\/\"]}]},{\"@type\":\"ImageObject\",\"inLanguage\":\"en-GB\",\"@id\":\"https:\/\/piqoli.com\/produit\/stomach-bead\/#primaryimage\",\"url\":\"https:\/\/piqoli.com\/wp-content\/uploads\/2023\/11\/Stomach-Bead-6-scaled-e1700127847308.jpg\",\"contentUrl\":\"https:\/\/piqoli.com\/wp-content\/uploads\/2023\/11\/Stomach-Bead-6-scaled-e1700127847308.jpg\",\"width\":1000,\"height\":1000,\"caption\":\"perle Roc aux sorciers Angles sur Anglin reproduction en ivoire de mammouth pr\u00e9histoire magdal\u00e9nien moyen\"},{\"@type\":\"BreadcrumbList\",\"@id\":\"https:\/\/piqoli.com\/produit\/stomach-bead\/#breadcrumb\",\"itemListElement\":[{\"@type\":\"ListItem\",\"position\":1,\"name\":\"Accueil\",\"item\":\"https:\/\/piqoli.com\/\"},{\"@type\":\"ListItem\",\"position\":2,\"name\":\"Perle du Roc aux Sorciers\"}]},{\"@type\":\"WebSite\",\"@id\":\"https:\/\/piqoli.com\/#website\",\"url\":\"https:\/\/piqoli.com\/\",\"name\":\"Piqoli\",\"description\":\"Bijoux et sculptures en ivoire de mammouth\",\"publisher\":{\"@id\":\"https:\/\/piqoli.com\/#organization\"},\"potentialAction\":[{\"@type\":\"SearchAction\",\"target\":{\"@type\":\"EntryPoint\",\"urlTemplate\":\"https:\/\/piqoli.com\/?s={search_term_string}\"},\"query-input\":{\"@type\":\"PropertyValueSpecification\",\"valueRequired\":true,\"valueName\":\"search_term_string\"}}],\"inLanguage\":\"en-GB\"},{\"@type\":\"Organization\",\"@id\":\"https:\/\/piqoli.com\/#organization\",\"name\":\"Piqoli\",\"url\":\"https:\/\/piqoli.com\/\",\"logo\":{\"@type\":\"ImageObject\",\"inLanguage\":\"en-GB\",\"@id\":\"https:\/\/piqoli.com\/#\/schema\/logo\/image\/\",\"url\":\"https:\/\/i1.wp.com\/piqoli.com\/wp-content\/uploads\/2020\/09\/piqoli-logo-noir.png?fit=500%2C710&ssl=1\",\"contentUrl\":\"https:\/\/i1.wp.com\/piqoli.com\/wp-content\/uploads\/2020\/09\/piqoli-logo-noir.png?fit=500%2C710&ssl=1\",\"width\":500,\"height\":710,\"caption\":\"Piqoli\"},\"image\":{\"@id\":\"https:\/\/piqoli.com\/#\/schema\/logo\/image\/\"},\"sameAs\":[\"https:\/\/www.facebook.com\/piqoli\/\",\"https:\/\/www.instagram.com\/piqoli\/?hl=fr\"]}]}<\/script>\n<!-- \/ Yoast SEO plugin. -->","yoast_head_json":{"title":"Perle du Roc aux Sorciers &#8902; Stomach bead &#8902; Piqoli","description":"Reproduction de perles cr\u00e9\u00e9s il y a 14.000 ans en ivoire de mammouth, retrouv\u00e9es au Roc-aux-Sorciers. Ivoire de mammouth de Sib\u00e9rie.","robots":{"index":"index","follow":"follow","max-snippet":"max-snippet:-1","max-image-preview":"max-image-preview:large","max-video-preview":"max-video-preview:-1"},"canonical":"https:\/\/piqoli.com\/en\/product\/stomach-bead\/","og_locale":"en_GB","og_type":"article","og_title":"Perle du Roc aux Sorciers &#8902; Stomach bead &#8902; Piqoli","og_description":"Reproduction de perles cr\u00e9\u00e9s il y a 14.000 ans en ivoire de mammouth, retrouv\u00e9es au Roc-aux-Sorciers. Ivoire de mammouth de Sib\u00e9rie.","og_url":"https:\/\/piqoli.com\/en\/product\/stomach-bead\/","og_site_name":"Piqoli","article_publisher":"https:\/\/www.facebook.com\/piqoli\/","article_modified_time":"2024-11-23T18:13:01+00:00","og_image":[{"width":1000,"height":1000,"url":"https:\/\/piqoli.com\/wp-content\/uploads\/2023\/11\/Stomach-Bead-6-scaled-e1700127847308.jpg","type":"image\/jpeg"}],"twitter_card":"summary_large_image","twitter_misc":{"Estimated reading time":"1 minute"},"schema":{"@context":"https:\/\/schema.org","@graph":[{"@type":["WebPage","ItemPage"],"@id":"https:\/\/piqoli.com\/produit\/stomach-bead\/","url":"https:\/\/piqoli.com\/produit\/stomach-bead\/","name":"Perle du Roc aux Sorciers &#8902; Stomach bead &#8902; Piqoli","isPartOf":{"@id":"https:\/\/piqoli.com\/#website"},"primaryImageOfPage":{"@id":"https:\/\/piqoli.com\/produit\/stomach-bead\/#primaryimage"},"image":{"@id":"https:\/\/piqoli.com\/produit\/stomach-bead\/#primaryimage"},"thumbnailUrl":"https:\/\/piqoli.com\/wp-content\/uploads\/2023\/11\/Stomach-Bead-6-scaled-e1700127847308.jpg","datePublished":"2024-11-01T09:02:08+00:00","dateModified":"2024-11-23T18:13:01+00:00","description":"Reproduction de perles cr\u00e9\u00e9s il y a 14.000 ans en ivoire de mammouth, retrouv\u00e9es au Roc-aux-Sorciers. Ivoire de mammouth de Sib\u00e9rie.","breadcrumb":{"@id":"https:\/\/piqoli.com\/produit\/stomach-bead\/#breadcrumb"},"inLanguage":"en-GB","potentialAction":[{"@type":"ReadAction","target":["https:\/\/piqoli.com\/produit\/stomach-bead\/"]}]},{"@type":"ImageObject","inLanguage":"en-GB","@id":"https:\/\/piqoli.com\/produit\/stomach-bead\/#primaryimage","url":"https:\/\/piqoli.com\/wp-content\/uploads\/2023\/11\/Stomach-Bead-6-scaled-e1700127847308.jpg","contentUrl":"https:\/\/piqoli.com\/wp-content\/uploads\/2023\/11\/Stomach-Bead-6-scaled-e1700127847308.jpg","width":1000,"height":1000,"caption":"perle Roc aux sorciers Angles sur Anglin reproduction en ivoire de mammouth pr\u00e9histoire magdal\u00e9nien moyen"},{"@type":"BreadcrumbList","@id":"https:\/\/piqoli.com\/produit\/stomach-bead\/#breadcrumb","itemListElement":[{"@type":"ListItem","position":1,"name":"Accueil","item":"https:\/\/piqoli.com\/"},{"@type":"ListItem","position":2,"name":"Perle du Roc aux Sorciers"}]},{"@type":"WebSite","@id":"https:\/\/piqoli.com\/#website","url":"https:\/\/piqoli.com\/","name":"Piqoli","description":"Wooly mammoth ivory jewelry and sculptures","publisher":{"@id":"https:\/\/piqoli.com\/#organization"},"potentialAction":[{"@type":"SearchAction","target":{"@type":"EntryPoint","urlTemplate":"https:\/\/piqoli.com\/?s={search_term_string}"},"query-input":{"@type":"PropertyValueSpecification","valueRequired":true,"valueName":"search_term_string"}}],"inLanguage":"en-GB"},{"@type":"Organization","@id":"https:\/\/piqoli.com\/#organization","name":"Piqoli","url":"https:\/\/piqoli.com\/","logo":{"@type":"ImageObject","inLanguage":"en-GB","@id":"https:\/\/piqoli.com\/#\/schema\/logo\/image\/","url":"https:\/\/i1.wp.com\/piqoli.com\/wp-content\/uploads\/2020\/09\/piqoli-logo-noir.png?fit=500%2C710&ssl=1","contentUrl":"https:\/\/i1.wp.com\/piqoli.com\/wp-content\/uploads\/2020\/09\/piqoli-logo-noir.png?fit=500%2C710&ssl=1","width":500,"height":710,"caption":"Piqoli"},"image":{"@id":"https:\/\/piqoli.com\/#\/schema\/logo\/image\/"},"sameAs":["https:\/\/www.facebook.com\/piqoli\/","https:\/\/www.instagram.com\/piqoli\/?hl=fr"]}]}},"_links":{"self":[{"href":"https:\/\/piqoli.com\/en\/wp-json\/wp\/v2\/product\/978","targetHints":{"allow":["GET"]}}],"collection":[{"href":"https:\/\/piqoli.com\/en\/wp-json\/wp\/v2\/product"}],"about":[{"href":"https:\/\/piqoli.com\/en\/wp-json\/wp\/v2\/types\/product"}],"wp:featuredmedia":[{"embeddable":true,"href":"https:\/\/piqoli.com\/en\/wp-json\/wp\/v2\/media\/3838"}],"wp:attachment":[{"href":"https:\/\/piqoli.com\/en\/wp-json\/wp\/v2\/media?parent=978"}],"wp:term":[{"taxonomy":"product_brand","embeddable":true,"href":"https:\/\/piqoli.com\/en\/wp-json\/wp\/v2\/product_brand?post=978"},{"taxonomy":"product_cat","embeddable":true,"href":"https:\/\/piqoli.com\/en\/wp-json\/wp\/v2\/product_cat?post=978"},{"taxonomy":"product_tag","embeddable":true,"href":"https:\/\/piqoli.com\/en\/wp-json\/wp\/v2\/product_tag?post=978"}],"curies":[{"name":"wp","href":"https:\/\/api.w.org\/{rel}","templated":true}]}}